{"id":167,"date":"2007-01-09T21:15:20","date_gmt":"2007-01-09T20:15:20","guid":{"rendered":"http:\/\/lillabjallerupbostader.se\/tofta\/?page_id=4"},"modified":"2018-02-18T08:03:59","modified_gmt":"2018-02-18T08:03:59","slug":"boendet","status":"publish","type":"page","link":"https:\/\/lillabjallerupbostader.se\/tofta\/boendet","title":{"rendered":"Boendet"},"content":{"rendered":"<h2>Boendet<\/h2>\n<div><strong>Strandn\u00e4ra stugor &#8211; 15 minuter s\u00f6der om Visby!<\/strong><br \/>\nEtt stenkast fr\u00e5n Tofta strand ligger v\u00e5ra tre bost\u00e4der.<\/div>\n<div>Bost\u00e4derna h\u00e5ller god standard och l\u00e4mpar sig v\u00e4l b\u00e5de f\u00f6r den lilla eller den stora familjen. H\u00e4r kan ni se solen sjunka ned i havet mellan tallarna, njuta av grillkv\u00e4llar, ta del av strandlivet eller kanske bara en stilla l\u00e4sstund p\u00e5 v\u00e5r naturtomt&#8230;.<\/div>\n<div>20 km fr\u00e5n Visby &#8211; centralt l\u00e4ge p\u00e5 Gotland. Fantastiska str\u00e4nder med bad- och promenadm\u00f6jligheter, Lanthandeln \u00e4r inom g\u00e5ngavst\u00e5nd, kiosk och restaurang finns vid stranden och bra bussf\u00f6rbindelser till Visby och Klintehamn. F\u00f6r den golfintresserade finns Kronholmens fina golfbana (exakt 3 minuter med bil!), Gotlands unika natur och historia finns \u00f6verallt&#8230;<\/div>\n<table style=\"width: 474px; height: 446px;\" border=\"0\" cellspacing=\"2\" cellpadding=\"4\">\n<tbody>\n<tr style=\"height: 29px;\">\n<td style=\"vertical-align: top; height: 29px;\"><\/td>\n<td style=\"vertical-align: top; height: 29px;\"><\/td>\n<\/tr>\n<tr style=\"height: 221px;\">\n<td style=\"vertical-align: top; height: 221px;\"><img data-recalc-dims=\"1\" loading=\"lazy\" decoding=\"async\" class=\"alignleft\" src=\"https:\/\/i0.wp.com\/lillabjallerupbostader.se\/toftabilder\/storstugan2.jpg?resize=250%2C125\" alt=\"\" width=\"250\" height=\"125\" \/><\/td>\n<td style=\"vertical-align: top; height: 221px;\"><strong>70-talet<\/strong><br \/>\n68 kvm<br \/>\n4 RoK<br \/>\n6 b\u00e4ddar i tre sovrum, reses\u00e4ng Dusch\/WC, tv\u00e4ttmaskin<br \/>\nAllrum m braskamin<br \/>\nVeranda under tak, grill<br \/>\ntr\u00e4dg\u00e5rdsm\u00f6bler<\/td>\n<\/tr>\n<tr style=\"height: 156px;\">\n<td style=\"vertical-align: top; height: 156px;\"><a href=\"https:\/\/i0.wp.com\/mediatofta.lillabjallerupbostader.se\/2018\/02\/60-talet.jpg\"><img data-recalc-dims=\"1\" loading=\"lazy\" decoding=\"async\" data-attachment-id=\"1009\" data-permalink=\"https:\/\/lillabjallerupbostader.se\/tofta\/boendet\/60-talet-2\" data-orig-file=\"https:\/\/i0.wp.com\/mediatofta.lillabjallerupbostader.se\/2018\/02\/60-talet.jpg?fit=1049%2C593&amp;ssl=1\" data-orig-size=\"1049,593\" data-comments-opened=\"1\" data-image-meta=\"{&quot;aperture&quot;:&quot;0&quot;,&quot;credit&quot;:&quot;&quot;,&quot;camera&quot;:&quot;&quot;,&quot;caption&quot;:&quot;&quot;,&quot;created_timestamp&quot;:&quot;1517764791&quot;,&quot;copyright&quot;:&quot;&quot;,&quot;focal_length&quot;:&quot;0&quot;,&quot;iso&quot;:&quot;0&quot;,&quot;shutter_speed&quot;:&quot;0&quot;,&quot;title&quot;:&quot;&quot;,&quot;orientation&quot;:&quot;1&quot;}\" data-image-title=\"60-talet\" data-image-description=\"\" data-image-caption=\"\" data-large-file=\"https:\/\/i0.wp.com\/mediatofta.lillabjallerupbostader.se\/2018\/02\/60-talet.jpg?fit=960%2C543&amp;ssl=1\" class=\"alignleft size-medium wp-image-1009\" src=\"https:\/\/i0.wp.com\/mediatofta.lillabjallerupbostader.se\/2018\/02\/60-talet.jpg?resize=300%2C170\" alt=\"\" width=\"300\" height=\"170\" srcset=\"https:\/\/i0.wp.com\/mediatofta.lillabjallerupbostader.se\/2018\/02\/60-talet.jpg?resize=300%2C170&amp;ssl=1 300w, https:\/\/i0.wp.com\/mediatofta.lillabjallerupbostader.se\/2018\/02\/60-talet.jpg?resize=768%2C434&amp;ssl=1 768w, https:\/\/i0.wp.com\/mediatofta.lillabjallerupbostader.se\/2018\/02\/60-talet.jpg?resize=1024%2C579&amp;ssl=1 1024w, https:\/\/i0.wp.com\/mediatofta.lillabjallerupbostader.se\/2018\/02\/60-talet.jpg?w=1049&amp;ssl=1 1049w\" sizes=\"auto, (max-width: 300px) 100vw, 300px\" \/><\/a><\/td>\n<td style=\"vertical-align: top; height: 156px;\">\n<div><strong>60-talet<\/strong><\/div>\n<div>ca\u00a040 kvm, 3 RoK<br \/>\n4 fasta b\u00e4ddplatser\u00a0i\u00a0 tv\u00e5 rum<\/div>\n<div>+2 b\u00e4ddar i b\u00e4ddsoffa,\u00a0reses\u00e4ng<br \/>\ndusch\/WC<\/p>\n<div>tr\u00e4dg\u00e5rdsm\u00f6bler, grill<\/div>\n<\/div>\n<\/td>\n<\/tr>\n<tr style=\"height: 156.813px;\">\n<td style=\"vertical-align: top; height: 156.813px;\"><a href=\"https:\/\/i0.wp.com\/mediatofta.lillabjallerupbostader.se\/2018\/02\/50-talet.jpg\"><img data-recalc-dims=\"1\" loading=\"lazy\" decoding=\"async\" data-attachment-id=\"1008\" data-permalink=\"https:\/\/lillabjallerupbostader.se\/tofta\/boendet\/50-talet-2\" data-orig-file=\"https:\/\/i0.wp.com\/mediatofta.lillabjallerupbostader.se\/2018\/02\/50-talet.jpg?fit=1052%2C593&amp;ssl=1\" data-orig-size=\"1052,593\" data-comments-opened=\"1\" data-image-meta=\"{&quot;aperture&quot;:&quot;0&quot;,&quot;credit&quot;:&quot;&quot;,&quot;camera&quot;:&quot;&quot;,&quot;caption&quot;:&quot;&quot;,&quot;created_timestamp&quot;:&quot;1517764802&quot;,&quot;copyright&quot;:&quot;&quot;,&quot;focal_length&quot;:&quot;0&quot;,&quot;iso&quot;:&quot;0&quot;,&quot;shutter_speed&quot;:&quot;0&quot;,&quot;title&quot;:&quot;&quot;,&quot;orientation&quot;:&quot;1&quot;}\" data-image-title=\"50-talet\" data-image-description=\"\" data-image-caption=\"\" data-large-file=\"https:\/\/i0.wp.com\/mediatofta.lillabjallerupbostader.se\/2018\/02\/50-talet.jpg?fit=960%2C541&amp;ssl=1\" class=\"size-medium wp-image-1008 alignnone\" src=\"https:\/\/i0.wp.com\/mediatofta.lillabjallerupbostader.se\/2018\/02\/50-talet.jpg?resize=300%2C169\" alt=\"\" width=\"300\" height=\"169\" srcset=\"https:\/\/i0.wp.com\/mediatofta.lillabjallerupbostader.se\/2018\/02\/50-talet.jpg?resize=300%2C169&amp;ssl=1 300w, https:\/\/i0.wp.com\/mediatofta.lillabjallerupbostader.se\/2018\/02\/50-talet.jpg?resize=768%2C433&amp;ssl=1 768w, https:\/\/i0.wp.com\/mediatofta.lillabjallerupbostader.se\/2018\/02\/50-talet.jpg?resize=1024%2C577&amp;ssl=1 1024w, https:\/\/i0.wp.com\/mediatofta.lillabjallerupbostader.se\/2018\/02\/50-talet.jpg?w=1052&amp;ssl=1 1052w\" sizes=\"auto, (max-width: 300px) 100vw, 300px\" \/><\/a><\/td>\n<td style=\"vertical-align: top; height: 156.813px;\"><strong>50-talet\u00a0<\/strong><\/p>\n<div>ca\u00a040 kvm, 3 RoK<br \/>\n4 fasta b\u00e4ddplatser\u00a0i\u00a0 tv\u00e5 rum<\/div>\n<div>+2 b\u00e4ddar i b\u00e4ddsoffa,\u00a0reses\u00e4ng<br \/>\ndusch\/WC<\/p>\n<div>tr\u00e4dg\u00e5rdsm\u00f6bler, grill<\/div>\n<\/div>\n<div><\/div>\n<div>\n<div><\/div>\n<\/div>\n<\/td>\n<\/tr>\n<\/tbody>\n<\/table>\n<p>&nbsp;<\/p>\n<div>Stugorna ligger p\u00e5 Tofta s\u00f6dra med badrocksavst\u00e5nd till hav och strand och det tar endast ca 2 minuter till fots att n\u00e5 havet. Plats f\u00f6r k\u00e4rt sm\u00e5folk finns ocks\u00e5 &#8211; vi har reses\u00e4ngar samt barnstolar i varje boende. Och en sandl\u00e5da med havsutsikt!<\/div>\n","protected":false},"excerpt":{"rendered":"<p>Boendet Strandn\u00e4ra stugor &#8211; 15 minuter s\u00f6der om Visby! Ett stenkast fr\u00e5n Tofta strand ligger v\u00e5ra tre bost\u00e4der. Bost\u00e4derna h\u00e5ller god standard och l\u00e4mpar sig v\u00e4l b\u00e5de f\u00f6r den lilla eller den stora familjen. H\u00e4r kan ni se solen sjunka ned i havet mellan tallarna, njuta av grillkv\u00e4llar, ta del av strandlivet eller kanske bara&#8230; <a href=\"https:\/\/lillabjallerupbostader.se\/tofta\/boendet\" class=\"excerpt-read-more\">Read More<\/a><\/p>\n","protected":false},"author":3,"featured_media":0,"parent":0,"menu_order":0,"comment_status":"closed","ping_status":"closed","template":"","meta":{"jetpack_post_was_ever_published":false,"footnotes":""},"class_list":["post-167","page","type-page","status-publish","hentry"],"jetpack_shortlink":"https:\/\/wp.me\/PMCXL-2H","jetpack_sharing_enabled":true,"jetpack_likes_enabled":true,"jetpack-related-posts":[],"_links":{"self":[{"href":"https:\/\/lillabjallerupbostader.se\/tofta\/wp-json\/wp\/v2\/pages\/167","targetHints":{"allow":["GET"]}}],"collection":[{"href":"https:\/\/lillabjallerupbostader.se\/tofta\/wp-json\/wp\/v2\/pages"}],"about":[{"href":"https:\/\/lillabjallerupbostader.se\/tofta\/wp-json\/wp\/v2\/types\/page"}],"author":[{"embeddable":true,"href":"https:\/\/lillabjallerupbostader.se\/tofta\/wp-json\/wp\/v2\/users\/3"}],"replies":[{"embeddable":true,"href":"https:\/\/lillabjallerupbostader.se\/tofta\/wp-json\/wp\/v2\/comments?post=167"}],"version-history":[{"count":5,"href":"https:\/\/lillabjallerupbostader.se\/tofta\/wp-json\/wp\/v2\/pages\/167\/revisions"}],"predecessor-version":[{"id":1012,"href":"https:\/\/lillabjallerupbostader.se\/tofta\/wp-json\/wp\/v2\/pages\/167\/revisions\/1012"}],"wp:attachment":[{"href":"https:\/\/lillabjallerupbostader.se\/tofta\/wp-json\/wp\/v2\/media?parent=167"}],"curies":[{"name":"wp","href":"https:\/\/api.w.org\/{rel}","templated":true}]}}