{"id":354,"date":"2011-06-21T09:23:10","date_gmt":"2011-06-21T09:23:10","guid":{"rendered":"http:\/\/lillabjallerupbostader.se\/tofta\/?page_id=354"},"modified":"2015-01-02T13:14:24","modified_gmt":"2015-01-02T13:14:24","slug":"50-talet","status":"publish","type":"page","link":"https:\/\/lillabjallerupbostader.se\/tofta\/boendet\/50-talet","title":{"rendered":"50-talet"},"content":{"rendered":"<h2>50-talet<\/h2>\n<p><a href=\"https:\/\/i0.wp.com\/mediatofta.lillabjallerupbostader.se\/2011\/06\/tofta-2011-006.jpg\"><img data-recalc-dims=\"1\" loading=\"lazy\" decoding=\"async\" data-attachment-id=\"355\" data-permalink=\"https:\/\/lillabjallerupbostader.se\/tofta\/boendet\/50-talet\/tofta-2011-006\" data-orig-file=\"https:\/\/i0.wp.com\/mediatofta.lillabjallerupbostader.se\/2011\/06\/tofta-2011-006.jpg?fit=960%2C1280&amp;ssl=1\" data-orig-size=\"960,1280\" data-comments-opened=\"1\" data-image-meta=\"{&quot;aperture&quot;:&quot;3.1&quot;,&quot;credit&quot;:&quot;&quot;,&quot;camera&quot;:&quot;FinePix S7000&quot;,&quot;caption&quot;:&quot;&quot;,&quot;created_timestamp&quot;:&quot;1308432219&quot;,&quot;copyright&quot;:&quot;&quot;,&quot;focal_length&quot;:&quot;24&quot;,&quot;iso&quot;:&quot;800&quot;,&quot;shutter_speed&quot;:&quot;0.00625&quot;,&quot;title&quot;:&quot;&quot;}\" data-image-title=\"Matplatsbelysning\" data-image-description=\"\" data-image-caption=\"\" data-large-file=\"https:\/\/i0.wp.com\/mediatofta.lillabjallerupbostader.se\/2011\/06\/tofta-2011-006.jpg?fit=768%2C1024&amp;ssl=1\" class=\"alignnone size-thumbnail wp-image-355\" title=\"Matplatsbelysning\" src=\"https:\/\/i0.wp.com\/mediatofta.lillabjallerupbostader.se\/2011\/06\/tofta-2011-006.jpg?resize=150%2C150\" alt=\"\" width=\"150\" height=\"150\" srcset=\"https:\/\/i0.wp.com\/mediatofta.lillabjallerupbostader.se\/2011\/06\/tofta-2011-006.jpg?resize=150%2C150&amp;ssl=1 150w, https:\/\/i0.wp.com\/mediatofta.lillabjallerupbostader.se\/2011\/06\/tofta-2011-006.jpg?zoom=2&amp;resize=150%2C150 300w, https:\/\/i0.wp.com\/mediatofta.lillabjallerupbostader.se\/2011\/06\/tofta-2011-006.jpg?zoom=3&amp;resize=150%2C150 450w\" sizes=\"auto, (max-width: 150px) 100vw, 150px\" \/><\/a><a href=\"https:\/\/i0.wp.com\/mediatofta.lillabjallerupbostader.se\/2011\/06\/tofta-2011-029.jpg\"><img data-recalc-dims=\"1\" loading=\"lazy\" decoding=\"async\" data-attachment-id=\"362\" data-permalink=\"https:\/\/lillabjallerupbostader.se\/tofta\/boendet\/50-talet\/tofta-2011-029\" data-orig-file=\"https:\/\/i0.wp.com\/mediatofta.lillabjallerupbostader.se\/2011\/06\/tofta-2011-029.jpg?fit=1280%2C960&amp;ssl=1\" data-orig-size=\"1280,960\" data-comments-opened=\"1\" data-image-meta=\"{&quot;aperture&quot;:&quot;2.8&quot;,&quot;credit&quot;:&quot;&quot;,&quot;camera&quot;:&quot;FinePix S7000&quot;,&quot;caption&quot;:&quot;&quot;,&quot;created_timestamp&quot;:&quot;1308432904&quot;,&quot;copyright&quot;:&quot;&quot;,&quot;focal_length&quot;:&quot;7.8&quot;,&quot;iso&quot;:&quot;800&quot;,&quot;shutter_speed&quot;:&quot;0.1&quot;,&quot;title&quot;:&quot;&quot;}\" data-image-title=\"Matplats och braskamin\" data-image-description=\"\" data-image-caption=\"\" data-large-file=\"https:\/\/i0.wp.com\/mediatofta.lillabjallerupbostader.se\/2011\/06\/tofta-2011-029.jpg?fit=960%2C720&amp;ssl=1\" class=\"alignnone size-thumbnail wp-image-362\" title=\"Matplats och braskamin\" src=\"https:\/\/i0.wp.com\/mediatofta.lillabjallerupbostader.se\/2011\/06\/tofta-2011-029.jpg?resize=150%2C150\" alt=\"\" width=\"150\" height=\"150\" srcset=\"https:\/\/i0.wp.com\/mediatofta.lillabjallerupbostader.se\/2011\/06\/tofta-2011-029.jpg?resize=150%2C150&amp;ssl=1 150w, https:\/\/i0.wp.com\/mediatofta.lillabjallerupbostader.se\/2011\/06\/tofta-2011-029.jpg?zoom=2&amp;resize=150%2C150 300w, https:\/\/i0.wp.com\/mediatofta.lillabjallerupbostader.se\/2011\/06\/tofta-2011-029.jpg?zoom=3&amp;resize=150%2C150 450w\" sizes=\"auto, (max-width: 150px) 100vw, 150px\" \/><\/a><a href=\"https:\/\/i0.wp.com\/mediatofta.lillabjallerupbostader.se\/2011\/06\/tofta-2011-026.jpg\"><img data-recalc-dims=\"1\" loading=\"lazy\" decoding=\"async\" data-attachment-id=\"361\" data-permalink=\"https:\/\/lillabjallerupbostader.se\/tofta\/boendet\/50-talet\/tofta-2011-026\" data-orig-file=\"https:\/\/i0.wp.com\/mediatofta.lillabjallerupbostader.se\/2011\/06\/tofta-2011-026.jpg?fit=1280%2C960&amp;ssl=1\" data-orig-size=\"1280,960\" data-comments-opened=\"1\" data-image-meta=\"{&quot;aperture&quot;:&quot;2.8&quot;,&quot;credit&quot;:&quot;&quot;,&quot;camera&quot;:&quot;FinePix S7000&quot;,&quot;caption&quot;:&quot;&quot;,&quot;created_timestamp&quot;:&quot;1308432876&quot;,&quot;copyright&quot;:&quot;&quot;,&quot;focal_length&quot;:&quot;7.8&quot;,&quot;iso&quot;:&quot;800&quot;,&quot;shutter_speed&quot;:&quot;0.0555555555556&quot;,&quot;title&quot;:&quot;&quot;}\" data-image-title=\"Allrum med b\u00e4ddsoffa\" data-image-description=\"\" data-image-caption=\"\" data-large-file=\"https:\/\/i0.wp.com\/mediatofta.lillabjallerupbostader.se\/2011\/06\/tofta-2011-026.jpg?fit=960%2C720&amp;ssl=1\" class=\"alignnone size-thumbnail wp-image-361\" title=\"Allrum med b\u00e4ddsoffa\" src=\"https:\/\/i0.wp.com\/mediatofta.lillabjallerupbostader.se\/2011\/06\/tofta-2011-026.jpg?resize=150%2C150\" alt=\"\" width=\"150\" height=\"150\" srcset=\"https:\/\/i0.wp.com\/mediatofta.lillabjallerupbostader.se\/2011\/06\/tofta-2011-026.jpg?resize=150%2C150&amp;ssl=1 150w, https:\/\/i0.wp.com\/mediatofta.lillabjallerupbostader.se\/2011\/06\/tofta-2011-026.jpg?zoom=2&amp;resize=150%2C150 300w, https:\/\/i0.wp.com\/mediatofta.lillabjallerupbostader.se\/2011\/06\/tofta-2011-026.jpg?zoom=3&amp;resize=150%2C150 450w\" sizes=\"auto, (max-width: 150px) 100vw, 150px\" \/><\/a><a href=\"https:\/\/i0.wp.com\/mediatofta.lillabjallerupbostader.se\/2011\/06\/tofta-2011-024.jpg\"><img data-recalc-dims=\"1\" loading=\"lazy\" decoding=\"async\" data-attachment-id=\"360\" data-permalink=\"https:\/\/lillabjallerupbostader.se\/tofta\/boendet\/50-talet\/tofta-2011-024\" data-orig-file=\"https:\/\/i0.wp.com\/mediatofta.lillabjallerupbostader.se\/2011\/06\/tofta-2011-024.jpg?fit=960%2C1280&amp;ssl=1\" data-orig-size=\"960,1280\" data-comments-opened=\"1\" data-image-meta=\"{&quot;aperture&quot;:&quot;2.8&quot;,&quot;credit&quot;:&quot;&quot;,&quot;camera&quot;:&quot;FinePix S7000&quot;,&quot;caption&quot;:&quot;&quot;,&quot;created_timestamp&quot;:&quot;1308432855&quot;,&quot;copyright&quot;:&quot;&quot;,&quot;focal_length&quot;:&quot;7.8&quot;,&quot;iso&quot;:&quot;800&quot;,&quot;shutter_speed&quot;:&quot;0.05&quot;,&quot;title&quot;:&quot;&quot;}\" data-image-title=\"sovloft\" data-image-description=\"\" data-image-caption=\"\" data-large-file=\"https:\/\/i0.wp.com\/mediatofta.lillabjallerupbostader.se\/2011\/06\/tofta-2011-024.jpg?fit=768%2C1024&amp;ssl=1\" class=\"alignnone size-thumbnail wp-image-360\" title=\"sovloft\" src=\"https:\/\/i0.wp.com\/mediatofta.lillabjallerupbostader.se\/2011\/06\/tofta-2011-024.jpg?resize=150%2C150\" alt=\"\" width=\"150\" height=\"150\" srcset=\"https:\/\/i0.wp.com\/mediatofta.lillabjallerupbostader.se\/2011\/06\/tofta-2011-024.jpg?resize=150%2C150&amp;ssl=1 150w, https:\/\/i0.wp.com\/mediatofta.lillabjallerupbostader.se\/2011\/06\/tofta-2011-024.jpg?zoom=2&amp;resize=150%2C150 300w, https:\/\/i0.wp.com\/mediatofta.lillabjallerupbostader.se\/2011\/06\/tofta-2011-024.jpg?zoom=3&amp;resize=150%2C150 450w\" sizes=\"auto, (max-width: 150px) 100vw, 150px\" \/><\/a><a href=\"https:\/\/i0.wp.com\/mediatofta.lillabjallerupbostader.se\/2011\/06\/P1010250.jpg\"><img data-recalc-dims=\"1\" loading=\"lazy\" decoding=\"async\" data-attachment-id=\"451\" data-permalink=\"https:\/\/lillabjallerupbostader.se\/tofta\/boendet\/50-talet\/p1010250\" data-orig-file=\"https:\/\/i0.wp.com\/mediatofta.lillabjallerupbostader.se\/2011\/06\/P1010250.jpg?fit=2560%2C1920&amp;ssl=1\" data-orig-size=\"2560,1920\" data-comments-opened=\"1\" data-image-meta=\"{&quot;aperture&quot;:&quot;3.3&quot;,&quot;credit&quot;:&quot;&quot;,&quot;camera&quot;:&quot;DMC-TZ10&quot;,&quot;caption&quot;:&quot;&quot;,&quot;created_timestamp&quot;:&quot;1309340876&quot;,&quot;copyright&quot;:&quot;&quot;,&quot;focal_length&quot;:&quot;4.1&quot;,&quot;iso&quot;:&quot;250&quot;,&quot;shutter_speed&quot;:&quot;0.0333333333333&quot;,&quot;title&quot;:&quot;&quot;}\" data-image-title=\"sovloft i 50-talet\" data-image-description=\"\" data-image-caption=\"\" data-large-file=\"https:\/\/i0.wp.com\/mediatofta.lillabjallerupbostader.se\/2011\/06\/P1010250.jpg?fit=960%2C720&amp;ssl=1\" class=\"alignnone size-thumbnail wp-image-451\" title=\"sovloft i 50-talet\" src=\"https:\/\/i0.wp.com\/mediatofta.lillabjallerupbostader.se\/2011\/06\/P1010250.jpg?resize=150%2C150\" alt=\"\" width=\"150\" height=\"150\" srcset=\"https:\/\/i0.wp.com\/mediatofta.lillabjallerupbostader.se\/2011\/06\/P1010250.jpg?resize=150%2C150&amp;ssl=1 150w, https:\/\/i0.wp.com\/mediatofta.lillabjallerupbostader.se\/2011\/06\/P1010250.jpg?zoom=2&amp;resize=150%2C150 300w, https:\/\/i0.wp.com\/mediatofta.lillabjallerupbostader.se\/2011\/06\/P1010250.jpg?zoom=3&amp;resize=150%2C150 450w\" sizes=\"auto, (max-width: 150px) 100vw, 150px\" \/><\/a><a href=\"https:\/\/i0.wp.com\/mediatofta.lillabjallerupbostader.se\/2011\/06\/tofta-2011-016.jpg\"><img data-recalc-dims=\"1\" loading=\"lazy\" decoding=\"async\" data-attachment-id=\"358\" data-permalink=\"https:\/\/lillabjallerupbostader.se\/tofta\/boendet\/50-talet\/tofta-2011-016\" data-orig-file=\"https:\/\/i0.wp.com\/mediatofta.lillabjallerupbostader.se\/2011\/06\/tofta-2011-016.jpg?fit=960%2C1280&amp;ssl=1\" data-orig-size=\"960,1280\" data-comments-opened=\"1\" data-image-meta=\"{&quot;aperture&quot;:&quot;2.8&quot;,&quot;credit&quot;:&quot;&quot;,&quot;camera&quot;:&quot;FinePix S7000&quot;,&quot;caption&quot;:&quot;&quot;,&quot;created_timestamp&quot;:&quot;1308432672&quot;,&quot;copyright&quot;:&quot;&quot;,&quot;focal_length&quot;:&quot;7.8&quot;,&quot;iso&quot;:&quot;800&quot;,&quot;shutter_speed&quot;:&quot;0.111111111111&quot;,&quot;title&quot;:&quot;&quot;}\" data-image-title=\"sovrum nere\" data-image-description=\"\" data-image-caption=\"\" data-large-file=\"https:\/\/i0.wp.com\/mediatofta.lillabjallerupbostader.se\/2011\/06\/tofta-2011-016.jpg?fit=768%2C1024&amp;ssl=1\" class=\"alignnone size-thumbnail wp-image-358\" title=\"sovrum nere\" src=\"https:\/\/i0.wp.com\/mediatofta.lillabjallerupbostader.se\/2011\/06\/tofta-2011-016.jpg?resize=150%2C150\" alt=\"\" width=\"150\" height=\"150\" srcset=\"https:\/\/i0.wp.com\/mediatofta.lillabjallerupbostader.se\/2011\/06\/tofta-2011-016.jpg?resize=150%2C150&amp;ssl=1 150w, https:\/\/i0.wp.com\/mediatofta.lillabjallerupbostader.se\/2011\/06\/tofta-2011-016.jpg?zoom=2&amp;resize=150%2C150 300w, https:\/\/i0.wp.com\/mediatofta.lillabjallerupbostader.se\/2011\/06\/tofta-2011-016.jpg?zoom=3&amp;resize=150%2C150 450w\" sizes=\"auto, (max-width: 150px) 100vw, 150px\" \/><\/a><a href=\"https:\/\/i0.wp.com\/mediatofta.lillabjallerupbostader.se\/2011\/06\/tofta-2011-014.jpg\"><img data-recalc-dims=\"1\" loading=\"lazy\" decoding=\"async\" data-attachment-id=\"357\" data-permalink=\"https:\/\/lillabjallerupbostader.se\/tofta\/boendet\/50-talet\/tofta-2011-014\" data-orig-file=\"https:\/\/i0.wp.com\/mediatofta.lillabjallerupbostader.se\/2011\/06\/tofta-2011-014.jpg?fit=960%2C1280&amp;ssl=1\" data-orig-size=\"960,1280\" data-comments-opened=\"1\" data-image-meta=\"{&quot;aperture&quot;:&quot;2.8&quot;,&quot;credit&quot;:&quot;&quot;,&quot;camera&quot;:&quot;FinePix S7000&quot;,&quot;caption&quot;:&quot;&quot;,&quot;created_timestamp&quot;:&quot;1308432629&quot;,&quot;copyright&quot;:&quot;&quot;,&quot;focal_length&quot;:&quot;7.8&quot;,&quot;iso&quot;:&quot;800&quot;,&quot;shutter_speed&quot;:&quot;0.0166666666667&quot;,&quot;title&quot;:&quot;&quot;}\" data-image-title=\"k\u00f6k\" data-image-description=\"\" data-image-caption=\"\" data-large-file=\"https:\/\/i0.wp.com\/mediatofta.lillabjallerupbostader.se\/2011\/06\/tofta-2011-014.jpg?fit=768%2C1024&amp;ssl=1\" class=\"alignnone size-thumbnail wp-image-357\" title=\"k\u00f6k\" src=\"https:\/\/i0.wp.com\/mediatofta.lillabjallerupbostader.se\/2011\/06\/tofta-2011-014.jpg?resize=150%2C150\" alt=\"\" width=\"150\" height=\"150\" srcset=\"https:\/\/i0.wp.com\/mediatofta.lillabjallerupbostader.se\/2011\/06\/tofta-2011-014.jpg?resize=150%2C150&amp;ssl=1 150w, https:\/\/i0.wp.com\/mediatofta.lillabjallerupbostader.se\/2011\/06\/tofta-2011-014.jpg?zoom=2&amp;resize=150%2C150 300w, https:\/\/i0.wp.com\/mediatofta.lillabjallerupbostader.se\/2011\/06\/tofta-2011-014.jpg?zoom=3&amp;resize=150%2C150 450w\" sizes=\"auto, (max-width: 150px) 100vw, 150px\" \/><\/a><a href=\"https:\/\/i0.wp.com\/mediatofta.lillabjallerupbostader.se\/2011\/06\/tofta-2011-009.jpg\"><img data-recalc-dims=\"1\" loading=\"lazy\" decoding=\"async\" data-attachment-id=\"356\" data-permalink=\"https:\/\/lillabjallerupbostader.se\/tofta\/boendet\/50-talet\/tofta-2011-009\" data-orig-file=\"https:\/\/i0.wp.com\/mediatofta.lillabjallerupbostader.se\/2011\/06\/tofta-2011-009.jpg?fit=960%2C1280&amp;ssl=1\" data-orig-size=\"960,1280\" data-comments-opened=\"1\" data-image-meta=\"{&quot;aperture&quot;:&quot;2.8&quot;,&quot;credit&quot;:&quot;&quot;,&quot;camera&quot;:&quot;FinePix S7000&quot;,&quot;caption&quot;:&quot;&quot;,&quot;created_timestamp&quot;:&quot;1308432302&quot;,&quot;copyright&quot;:&quot;&quot;,&quot;focal_length&quot;:&quot;7.8&quot;,&quot;iso&quot;:&quot;800&quot;,&quot;shutter_speed&quot;:&quot;0.1&quot;,&quot;title&quot;:&quot;&quot;}\" data-image-title=\"Allrum\" data-image-description=\"\" data-image-caption=\"\" data-large-file=\"https:\/\/i0.wp.com\/mediatofta.lillabjallerupbostader.se\/2011\/06\/tofta-2011-009.jpg?fit=768%2C1024&amp;ssl=1\" class=\"alignnone size-thumbnail wp-image-356\" title=\"Allrum\" src=\"https:\/\/i0.wp.com\/mediatofta.lillabjallerupbostader.se\/2011\/06\/tofta-2011-009.jpg?resize=150%2C150\" alt=\"\" width=\"150\" height=\"150\" srcset=\"https:\/\/i0.wp.com\/mediatofta.lillabjallerupbostader.se\/2011\/06\/tofta-2011-009.jpg?resize=150%2C150&amp;ssl=1 150w, https:\/\/i0.wp.com\/mediatofta.lillabjallerupbostader.se\/2011\/06\/tofta-2011-009.jpg?zoom=2&amp;resize=150%2C150 300w, https:\/\/i0.wp.com\/mediatofta.lillabjallerupbostader.se\/2011\/06\/tofta-2011-009.jpg?zoom=3&amp;resize=150%2C150 450w\" sizes=\"auto, (max-width: 150px) 100vw, 150px\" \/><\/a><a href=\"https:\/\/i0.wp.com\/mediatofta.lillabjallerupbostader.se\/2011\/06\/tofta-2011-053.jpg\"><img data-recalc-dims=\"1\" loading=\"lazy\" decoding=\"async\" title=\"Mysig matplats\" src=\"https:\/\/i0.wp.com\/mediatofta.lillabjallerupbostader.se\/2011\/06\/tofta-2011-053.jpg?resize=150%2C150\" alt=\"\" width=\"150\" height=\"150\" \/><\/a><\/p>\n<p>&nbsp;<\/p>\n<p><strong>Med en fl\u00e4kt av 50-tal!<\/strong><br \/>\nI \u00f6stra halvan av parstugan finns 50-talet<\/p>\n<p>ca 40 kvm med fullt utrustat k\u00f6k med spis, kyl, frys och mikro.<\/p>\n<p>Eget badrum med dusch.<\/p>\n<div>4+2 B\u00e4ddplatser (+reses\u00e4ng)<br \/>\n1 sovloft med tv\u00e5 s\u00e4ngar<br \/>\n1 sovrum med v\u00e5ningss\u00e4ng<br \/>\n1 allrum med b\u00e4ddsoffa<\/div>\n<div>Grill utomhus.<\/div>\n<div>Parkering sker p\u00e5 baksidan av huset vid <em>Kringv\u00e4gen.<\/em><\/div>\n","protected":false},"excerpt":{"rendered":"<p>50-talet &nbsp; Med en fl\u00e4kt av 50-tal! I \u00f6stra halvan av parstugan finns 50-talet ca 40 kvm med fullt utrustat k\u00f6k med spis, kyl, frys och mikro. Eget badrum med dusch. 4+2 B\u00e4ddplatser (+reses\u00e4ng) 1 sovloft med tv\u00e5 s\u00e4ngar 1 sovrum med v\u00e5ningss\u00e4ng 1 allrum med b\u00e4ddsoffa Grill utomhus. Parkering sker p\u00e5 baksidan av huset&#8230; <a href=\"https:\/\/lillabjallerupbostader.se\/tofta\/boendet\/50-talet\" class=\"excerpt-read-more\">Read More<\/a><\/p>\n","protected":false},"author":2,"featured_media":0,"parent":167,"menu_order":3,"comment_status":"open","ping_status":"open","template":"","meta":{"jetpack_post_was_ever_published":false,"footnotes":""},"class_list":["post-354","page","type-page","status-publish","hentry"],"jetpack_shortlink":"https:\/\/wp.me\/PMCXL-5I","jetpack_sharing_enabled":true,"jetpack_likes_enabled":true,"jetpack-related-posts":[],"_links":{"self":[{"href":"https:\/\/lillabjallerupbostader.se\/tofta\/wp-json\/wp\/v2\/pages\/354","targetHints":{"allow":["GET"]}}],"collection":[{"href":"https:\/\/lillabjallerupbostader.se\/tofta\/wp-json\/wp\/v2\/pages"}],"about":[{"href":"https:\/\/lillabjallerupbostader.se\/tofta\/wp-json\/wp\/v2\/types\/page"}],"author":[{"embeddable":true,"href":"https:\/\/lillabjallerupbostader.se\/tofta\/wp-json\/wp\/v2\/users\/2"}],"replies":[{"embeddable":true,"href":"https:\/\/lillabjallerupbostader.se\/tofta\/wp-json\/wp\/v2\/comments?post=354"}],"version-history":[{"count":5,"href":"https:\/\/lillabjallerupbostader.se\/tofta\/wp-json\/wp\/v2\/pages\/354\/revisions"}],"predecessor-version":[{"id":796,"href":"https:\/\/lillabjallerupbostader.se\/tofta\/wp-json\/wp\/v2\/pages\/354\/revisions\/796"}],"up":[{"embeddable":true,"href":"https:\/\/lillabjallerupbostader.se\/tofta\/wp-json\/wp\/v2\/pages\/167"}],"wp:attachment":[{"href":"https:\/\/lillabjallerupbostader.se\/tofta\/wp-json\/wp\/v2\/media?parent=354"}],"curies":[{"name":"wp","href":"https:\/\/api.w.org\/{rel}","templated":true}]}}