{"id":369,"date":"2011-06-21T09:23:39","date_gmt":"2011-06-21T09:23:39","guid":{"rendered":"http:\/\/lillabjallerupbostader.se\/tofta\/?page_id=369"},"modified":"2015-01-01T09:02:49","modified_gmt":"2015-01-01T09:02:49","slug":"60-talet","status":"publish","type":"page","link":"https:\/\/lillabjallerupbostader.se\/tofta\/60-talet","title":{"rendered":"60-talet!"},"content":{"rendered":"<h2>60-talet!<br \/>\n<strong><a href=\"https:\/\/i0.wp.com\/mediatofta.lillabjallerupbostader.se\/2011\/06\/tofta-2011-002.jpg\"><img data-recalc-dims=\"1\" loading=\"lazy\" decoding=\"async\" data-attachment-id=\"370\" data-permalink=\"https:\/\/lillabjallerupbostader.se\/tofta\/60-talet\/tofta-2011-002\" data-orig-file=\"https:\/\/i0.wp.com\/mediatofta.lillabjallerupbostader.se\/2011\/06\/tofta-2011-002.jpg?fit=960%2C1280&amp;ssl=1\" data-orig-size=\"960,1280\" data-comments-opened=\"1\" data-image-meta=\"{&quot;aperture&quot;:&quot;3.1&quot;,&quot;credit&quot;:&quot;&quot;,&quot;camera&quot;:&quot;FinePix S7000&quot;,&quot;caption&quot;:&quot;&quot;,&quot;created_timestamp&quot;:&quot;1308432099&quot;,&quot;copyright&quot;:&quot;&quot;,&quot;focal_length&quot;:&quot;24&quot;,&quot;iso&quot;:&quot;800&quot;,&quot;shutter_speed&quot;:&quot;0.0125&quot;,&quot;title&quot;:&quot;&quot;}\" data-image-title=\"Gunillas lampa\" data-image-description=\"\" data-image-caption=\"\" data-large-file=\"https:\/\/i0.wp.com\/mediatofta.lillabjallerupbostader.se\/2011\/06\/tofta-2011-002.jpg?fit=768%2C1024&amp;ssl=1\" class=\"alignnone size-thumbnail wp-image-370\" title=\"Gunillas lampa\" src=\"https:\/\/i0.wp.com\/mediatofta.lillabjallerupbostader.se\/2011\/06\/tofta-2011-002.jpg?resize=150%2C150\" alt=\"\" width=\"150\" height=\"150\" srcset=\"https:\/\/i0.wp.com\/mediatofta.lillabjallerupbostader.se\/2011\/06\/tofta-2011-002.jpg?resize=150%2C150&amp;ssl=1 150w, https:\/\/i0.wp.com\/mediatofta.lillabjallerupbostader.se\/2011\/06\/tofta-2011-002.jpg?zoom=2&amp;resize=150%2C150 300w, https:\/\/i0.wp.com\/mediatofta.lillabjallerupbostader.se\/2011\/06\/tofta-2011-002.jpg?zoom=3&amp;resize=150%2C150 450w\" sizes=\"auto, (max-width: 150px) 100vw, 150px\" \/><\/a><a href=\"https:\/\/i0.wp.com\/mediatofta.lillabjallerupbostader.se\/2011\/06\/tofta-2011-052.jpg\"><img data-recalc-dims=\"1\" loading=\"lazy\" decoding=\"async\" data-attachment-id=\"379\" data-permalink=\"https:\/\/lillabjallerupbostader.se\/tofta\/60-talet\/tofta-2011-052\" data-orig-file=\"https:\/\/i0.wp.com\/mediatofta.lillabjallerupbostader.se\/2011\/06\/tofta-2011-052.jpg?fit=960%2C1280&amp;ssl=1\" data-orig-size=\"960,1280\" data-comments-opened=\"1\" data-image-meta=\"{&quot;aperture&quot;:&quot;2.9&quot;,&quot;credit&quot;:&quot;&quot;,&quot;camera&quot;:&quot;FinePix S7000&quot;,&quot;caption&quot;:&quot;&quot;,&quot;created_timestamp&quot;:&quot;1308435116&quot;,&quot;copyright&quot;:&quot;&quot;,&quot;focal_length&quot;:&quot;14&quot;,&quot;iso&quot;:&quot;800&quot;,&quot;shutter_speed&quot;:&quot;0.188679245283&quot;,&quot;title&quot;:&quot;&quot;}\" data-image-title=\"Mycket ljus!\" data-image-description=\"\" data-image-caption=\"\" data-large-file=\"https:\/\/i0.wp.com\/mediatofta.lillabjallerupbostader.se\/2011\/06\/tofta-2011-052.jpg?fit=768%2C1024&amp;ssl=1\" class=\"alignnone size-thumbnail wp-image-379\" title=\"Mycket ljus!\" src=\"https:\/\/i0.wp.com\/mediatofta.lillabjallerupbostader.se\/2011\/06\/tofta-2011-052.jpg?resize=150%2C150\" alt=\"\" width=\"150\" height=\"150\" srcset=\"https:\/\/i0.wp.com\/mediatofta.lillabjallerupbostader.se\/2011\/06\/tofta-2011-052.jpg?resize=150%2C150&amp;ssl=1 150w, https:\/\/i0.wp.com\/mediatofta.lillabjallerupbostader.se\/2011\/06\/tofta-2011-052.jpg?zoom=2&amp;resize=150%2C150 300w, https:\/\/i0.wp.com\/mediatofta.lillabjallerupbostader.se\/2011\/06\/tofta-2011-052.jpg?zoom=3&amp;resize=150%2C150 450w\" sizes=\"auto, (max-width: 150px) 100vw, 150px\" \/><\/a><a href=\"https:\/\/i0.wp.com\/mediatofta.lillabjallerupbostader.se\/2011\/06\/tofta-2011-048.jpg\"><img data-recalc-dims=\"1\" loading=\"lazy\" decoding=\"async\" data-attachment-id=\"377\" data-permalink=\"https:\/\/lillabjallerupbostader.se\/tofta\/60-talet\/tofta-2011-048\" data-orig-file=\"https:\/\/i0.wp.com\/mediatofta.lillabjallerupbostader.se\/2011\/06\/tofta-2011-048.jpg?fit=1280%2C960&amp;ssl=1\" data-orig-size=\"1280,960\" data-comments-opened=\"1\" data-image-meta=\"{&quot;aperture&quot;:&quot;2.8&quot;,&quot;credit&quot;:&quot;&quot;,&quot;camera&quot;:&quot;FinePix S7000&quot;,&quot;caption&quot;:&quot;&quot;,&quot;created_timestamp&quot;:&quot;1308433270&quot;,&quot;copyright&quot;:&quot;&quot;,&quot;focal_length&quot;:&quot;7.8&quot;,&quot;iso&quot;:&quot;800&quot;,&quot;shutter_speed&quot;:&quot;0.0666666666667&quot;,&quot;title&quot;:&quot;&quot;}\" data-image-title=\"sovloft\" data-image-description=\"\" data-image-caption=\"\" data-large-file=\"https:\/\/i0.wp.com\/mediatofta.lillabjallerupbostader.se\/2011\/06\/tofta-2011-048.jpg?fit=960%2C720&amp;ssl=1\" class=\"alignnone size-thumbnail wp-image-377\" title=\"sovloft\" src=\"https:\/\/i0.wp.com\/mediatofta.lillabjallerupbostader.se\/2011\/06\/tofta-2011-048.jpg?resize=150%2C150\" alt=\"\" width=\"150\" height=\"150\" srcset=\"https:\/\/i0.wp.com\/mediatofta.lillabjallerupbostader.se\/2011\/06\/tofta-2011-048.jpg?resize=150%2C150&amp;ssl=1 150w, https:\/\/i0.wp.com\/mediatofta.lillabjallerupbostader.se\/2011\/06\/tofta-2011-048.jpg?zoom=2&amp;resize=150%2C150 300w, https:\/\/i0.wp.com\/mediatofta.lillabjallerupbostader.se\/2011\/06\/tofta-2011-048.jpg?zoom=3&amp;resize=150%2C150 450w\" sizes=\"auto, (max-width: 150px) 100vw, 150px\" \/><\/a><a href=\"https:\/\/i0.wp.com\/mediatofta.lillabjallerupbostader.se\/2011\/06\/P1010264.jpg\"><img data-recalc-dims=\"1\" loading=\"lazy\" decoding=\"async\" data-attachment-id=\"454\" data-permalink=\"https:\/\/lillabjallerupbostader.se\/tofta\/60-talet\/p1010264\" data-orig-file=\"https:\/\/i0.wp.com\/mediatofta.lillabjallerupbostader.se\/2011\/06\/P1010264.jpg?fit=2560%2C1920&amp;ssl=1\" data-orig-size=\"2560,1920\" data-comments-opened=\"1\" data-image-meta=\"{&quot;aperture&quot;:&quot;3.3&quot;,&quot;credit&quot;:&quot;&quot;,&quot;camera&quot;:&quot;DMC-TZ10&quot;,&quot;caption&quot;:&quot;&quot;,&quot;created_timestamp&quot;:&quot;1309341479&quot;,&quot;copyright&quot;:&quot;&quot;,&quot;focal_length&quot;:&quot;4.1&quot;,&quot;iso&quot;:&quot;250&quot;,&quot;shutter_speed&quot;:&quot;0.0333333333333&quot;,&quot;title&quot;:&quot;&quot;}\" data-image-title=\"Allrum med b\u00e4ddsoffa\" data-image-description=\"\" data-image-caption=\"\" data-large-file=\"https:\/\/i0.wp.com\/mediatofta.lillabjallerupbostader.se\/2011\/06\/P1010264.jpg?fit=960%2C720&amp;ssl=1\" class=\"alignnone size-thumbnail wp-image-454\" title=\"Allrum med b\u00e4ddsoffa\" src=\"https:\/\/i0.wp.com\/mediatofta.lillabjallerupbostader.se\/2011\/06\/P1010264.jpg?resize=150%2C150\" alt=\"\" width=\"150\" height=\"150\" srcset=\"https:\/\/i0.wp.com\/mediatofta.lillabjallerupbostader.se\/2011\/06\/P1010264.jpg?resize=150%2C150&amp;ssl=1 150w, https:\/\/i0.wp.com\/mediatofta.lillabjallerupbostader.se\/2011\/06\/P1010264.jpg?zoom=2&amp;resize=150%2C150 300w, https:\/\/i0.wp.com\/mediatofta.lillabjallerupbostader.se\/2011\/06\/P1010264.jpg?zoom=3&amp;resize=150%2C150 450w\" sizes=\"auto, (max-width: 150px) 100vw, 150px\" \/><\/a><a href=\"https:\/\/i0.wp.com\/mediatofta.lillabjallerupbostader.se\/2011\/06\/tofta-2011-039.jpg\"><img data-recalc-dims=\"1\" loading=\"lazy\" decoding=\"async\" data-attachment-id=\"374\" data-permalink=\"https:\/\/lillabjallerupbostader.se\/tofta\/60-talet\/tofta-2011-039\" data-orig-file=\"https:\/\/i0.wp.com\/mediatofta.lillabjallerupbostader.se\/2011\/06\/tofta-2011-039.jpg?fit=960%2C1280&amp;ssl=1\" data-orig-size=\"960,1280\" data-comments-opened=\"1\" data-image-meta=\"{&quot;aperture&quot;:&quot;2.8&quot;,&quot;credit&quot;:&quot;&quot;,&quot;camera&quot;:&quot;FinePix S7000&quot;,&quot;caption&quot;:&quot;&quot;,&quot;created_timestamp&quot;:&quot;1308433059&quot;,&quot;copyright&quot;:&quot;&quot;,&quot;focal_length&quot;:&quot;10&quot;,&quot;iso&quot;:&quot;800&quot;,&quot;shutter_speed&quot;:&quot;0.0666666666667&quot;,&quot;title&quot;:&quot;&quot;}\" data-image-title=\"sovrum nere\" data-image-description=\"\" data-image-caption=\"\" data-large-file=\"https:\/\/i0.wp.com\/mediatofta.lillabjallerupbostader.se\/2011\/06\/tofta-2011-039.jpg?fit=768%2C1024&amp;ssl=1\" class=\"alignnone size-thumbnail wp-image-374\" title=\"sovrum nere\" src=\"https:\/\/i0.wp.com\/mediatofta.lillabjallerupbostader.se\/2011\/06\/tofta-2011-039.jpg?resize=150%2C150\" alt=\"\" width=\"150\" height=\"150\" srcset=\"https:\/\/i0.wp.com\/mediatofta.lillabjallerupbostader.se\/2011\/06\/tofta-2011-039.jpg?resize=150%2C150&amp;ssl=1 150w, https:\/\/i0.wp.com\/mediatofta.lillabjallerupbostader.se\/2011\/06\/tofta-2011-039.jpg?zoom=2&amp;resize=150%2C150 300w, https:\/\/i0.wp.com\/mediatofta.lillabjallerupbostader.se\/2011\/06\/tofta-2011-039.jpg?zoom=3&amp;resize=150%2C150 450w\" sizes=\"auto, (max-width: 150px) 100vw, 150px\" \/><\/a><a href=\"https:\/\/i0.wp.com\/mediatofta.lillabjallerupbostader.se\/2011\/06\/tofta-2011-038.jpg\"><img data-recalc-dims=\"1\" loading=\"lazy\" decoding=\"async\" data-attachment-id=\"373\" data-permalink=\"https:\/\/lillabjallerupbostader.se\/tofta\/60-talet\/tofta-2011-038\" data-orig-file=\"https:\/\/i0.wp.com\/mediatofta.lillabjallerupbostader.se\/2011\/06\/tofta-2011-038.jpg?fit=960%2C1280&amp;ssl=1\" data-orig-size=\"960,1280\" data-comments-opened=\"1\" data-image-meta=\"{&quot;aperture&quot;:&quot;2.8&quot;,&quot;credit&quot;:&quot;&quot;,&quot;camera&quot;:&quot;FinePix S7000&quot;,&quot;caption&quot;:&quot;&quot;,&quot;created_timestamp&quot;:&quot;1308433048&quot;,&quot;copyright&quot;:&quot;&quot;,&quot;focal_length&quot;:&quot;10&quot;,&quot;iso&quot;:&quot;800&quot;,&quot;shutter_speed&quot;:&quot;0.0111111111111&quot;,&quot;title&quot;:&quot;&quot;}\" data-image-title=\"k\u00f6k\" data-image-description=\"\" data-image-caption=\"\" data-large-file=\"https:\/\/i0.wp.com\/mediatofta.lillabjallerupbostader.se\/2011\/06\/tofta-2011-038.jpg?fit=768%2C1024&amp;ssl=1\" class=\"alignnone size-thumbnail wp-image-373\" title=\"k\u00f6k\" src=\"https:\/\/i0.wp.com\/mediatofta.lillabjallerupbostader.se\/2011\/06\/tofta-2011-038.jpg?resize=150%2C150\" alt=\"\" width=\"150\" height=\"150\" srcset=\"https:\/\/i0.wp.com\/mediatofta.lillabjallerupbostader.se\/2011\/06\/tofta-2011-038.jpg?resize=150%2C150&amp;ssl=1 150w, https:\/\/i0.wp.com\/mediatofta.lillabjallerupbostader.se\/2011\/06\/tofta-2011-038.jpg?zoom=2&amp;resize=150%2C150 300w, https:\/\/i0.wp.com\/mediatofta.lillabjallerupbostader.se\/2011\/06\/tofta-2011-038.jpg?zoom=3&amp;resize=150%2C150 450w\" sizes=\"auto, (max-width: 150px) 100vw, 150px\" \/><\/a><a href=\"https:\/\/i0.wp.com\/mediatofta.lillabjallerupbostader.se\/2011\/06\/tofta-2011-036.jpg\"><img data-recalc-dims=\"1\" loading=\"lazy\" decoding=\"async\" data-attachment-id=\"372\" data-permalink=\"https:\/\/lillabjallerupbostader.se\/tofta\/60-talet\/tofta-2011-036\" data-orig-file=\"https:\/\/i0.wp.com\/mediatofta.lillabjallerupbostader.se\/2011\/06\/tofta-2011-036.jpg?fit=960%2C1280&amp;ssl=1\" data-orig-size=\"960,1280\" data-comments-opened=\"1\" data-image-meta=\"{&quot;aperture&quot;:&quot;2.8&quot;,&quot;credit&quot;:&quot;&quot;,&quot;camera&quot;:&quot;FinePix S7000&quot;,&quot;caption&quot;:&quot;&quot;,&quot;created_timestamp&quot;:&quot;1308433025&quot;,&quot;copyright&quot;:&quot;&quot;,&quot;focal_length&quot;:&quot;10&quot;,&quot;iso&quot;:&quot;800&quot;,&quot;shutter_speed&quot;:&quot;0.04&quot;,&quot;title&quot;:&quot;&quot;}\" data-image-title=\"fin utsikt\" data-image-description=\"\" data-image-caption=\"\" data-large-file=\"https:\/\/i0.wp.com\/mediatofta.lillabjallerupbostader.se\/2011\/06\/tofta-2011-036.jpg?fit=768%2C1024&amp;ssl=1\" class=\"alignnone size-thumbnail wp-image-372\" title=\"fin utsikt\" src=\"https:\/\/i0.wp.com\/mediatofta.lillabjallerupbostader.se\/2011\/06\/tofta-2011-036.jpg?resize=150%2C150\" alt=\"\" width=\"150\" height=\"150\" srcset=\"https:\/\/i0.wp.com\/mediatofta.lillabjallerupbostader.se\/2011\/06\/tofta-2011-036.jpg?resize=150%2C150&amp;ssl=1 150w, https:\/\/i0.wp.com\/mediatofta.lillabjallerupbostader.se\/2011\/06\/tofta-2011-036.jpg?zoom=2&amp;resize=150%2C150 300w, https:\/\/i0.wp.com\/mediatofta.lillabjallerupbostader.se\/2011\/06\/tofta-2011-036.jpg?zoom=3&amp;resize=150%2C150 450w\" sizes=\"auto, (max-width: 150px) 100vw, 150px\" \/><\/a><a href=\"https:\/\/i0.wp.com\/mediatofta.lillabjallerupbostader.se\/2011\/06\/tofta-2011-047.jpg\"><img data-recalc-dims=\"1\" loading=\"lazy\" decoding=\"async\" data-attachment-id=\"376\" data-permalink=\"https:\/\/lillabjallerupbostader.se\/tofta\/60-talet\/tofta-2011-047\" data-orig-file=\"https:\/\/i0.wp.com\/mediatofta.lillabjallerupbostader.se\/2011\/06\/tofta-2011-047.jpg?fit=1280%2C960&amp;ssl=1\" data-orig-size=\"1280,960\" data-comments-opened=\"1\" data-image-meta=\"{&quot;aperture&quot;:&quot;2.8&quot;,&quot;credit&quot;:&quot;&quot;,&quot;camera&quot;:&quot;FinePix S7000&quot;,&quot;caption&quot;:&quot;&quot;,&quot;created_timestamp&quot;:&quot;1308433264&quot;,&quot;copyright&quot;:&quot;&quot;,&quot;focal_length&quot;:&quot;7.8&quot;,&quot;iso&quot;:&quot;800&quot;,&quot;shutter_speed&quot;:&quot;0.133333333333&quot;,&quot;title&quot;:&quot;&quot;}\" data-image-title=\"sovloft\" data-image-description=\"\" data-image-caption=\"\" data-large-file=\"https:\/\/i0.wp.com\/mediatofta.lillabjallerupbostader.se\/2011\/06\/tofta-2011-047.jpg?fit=960%2C720&amp;ssl=1\" class=\"alignnone size-thumbnail wp-image-376\" title=\"sovloft\" src=\"https:\/\/i0.wp.com\/mediatofta.lillabjallerupbostader.se\/2011\/06\/tofta-2011-047.jpg?resize=150%2C150\" alt=\"\" width=\"150\" height=\"150\" srcset=\"https:\/\/i0.wp.com\/mediatofta.lillabjallerupbostader.se\/2011\/06\/tofta-2011-047.jpg?resize=150%2C150&amp;ssl=1 150w, https:\/\/i0.wp.com\/mediatofta.lillabjallerupbostader.se\/2011\/06\/tofta-2011-047.jpg?zoom=2&amp;resize=150%2C150 300w, https:\/\/i0.wp.com\/mediatofta.lillabjallerupbostader.se\/2011\/06\/tofta-2011-047.jpg?zoom=3&amp;resize=150%2C150 450w\" sizes=\"auto, (max-width: 150px) 100vw, 150px\" \/><\/a><a href=\"https:\/\/i0.wp.com\/mediatofta.lillabjallerupbostader.se\/2011\/06\/tofta-2011-049.jpg\"><img data-recalc-dims=\"1\" loading=\"lazy\" decoding=\"async\" data-attachment-id=\"378\" data-permalink=\"https:\/\/lillabjallerupbostader.se\/tofta\/60-talet\/tofta-2011-049\" data-orig-file=\"https:\/\/i0.wp.com\/mediatofta.lillabjallerupbostader.se\/2011\/06\/tofta-2011-049.jpg?fit=1280%2C960&amp;ssl=1\" data-orig-size=\"1280,960\" data-comments-opened=\"1\" data-image-meta=\"{&quot;aperture&quot;:&quot;2.8&quot;,&quot;credit&quot;:&quot;&quot;,&quot;camera&quot;:&quot;FinePix S7000&quot;,&quot;caption&quot;:&quot;&quot;,&quot;created_timestamp&quot;:&quot;1308433280&quot;,&quot;copyright&quot;:&quot;&quot;,&quot;focal_length&quot;:&quot;7.8&quot;,&quot;iso&quot;:&quot;800&quot;,&quot;shutter_speed&quot;:&quot;0.25&quot;,&quot;title&quot;:&quot;&quot;}\" data-image-title=\"stilenligt tapet!\" data-image-description=\"\" data-image-caption=\"\" data-large-file=\"https:\/\/i0.wp.com\/mediatofta.lillabjallerupbostader.se\/2011\/06\/tofta-2011-049.jpg?fit=960%2C720&amp;ssl=1\" class=\"alignnone size-thumbnail wp-image-378\" title=\"stilenlig tapet!\" src=\"https:\/\/i0.wp.com\/mediatofta.lillabjallerupbostader.se\/2011\/06\/tofta-2011-049.jpg?resize=150%2C150\" alt=\"\" width=\"150\" height=\"150\" srcset=\"https:\/\/i0.wp.com\/mediatofta.lillabjallerupbostader.se\/2011\/06\/tofta-2011-049.jpg?resize=150%2C150&amp;ssl=1 150w, https:\/\/i0.wp.com\/mediatofta.lillabjallerupbostader.se\/2011\/06\/tofta-2011-049.jpg?zoom=2&amp;resize=150%2C150 300w, https:\/\/i0.wp.com\/mediatofta.lillabjallerupbostader.se\/2011\/06\/tofta-2011-049.jpg?zoom=3&amp;resize=150%2C150 450w\" sizes=\"auto, (max-width: 150px) 100vw, 150px\" \/><\/a><\/strong><\/h2>\n<p><strong>Med en fl\u00e4kt av 60-tal!<\/strong><br \/>\nI v\u00e4stra halvan av parstugan finns 6<strong>0-talet<\/strong>, ca 40 kvm med fullt utrustat k\u00f6k med spis, kyl, frys och mikro.<\/p>\n<p>Eget badrum med dusch.<\/p>\n<div>4+2 B\u00e4ddplatser (+reses\u00e4ng)<br \/>\n1 sovloft med tv\u00e5 s\u00e4ngar<br \/>\n1 sovrum med v\u00e5nings\u00e4ng<br \/>\n1 allrum med b\u00e4ddsoffa<\/div>\n<div>Grill utomhus.<\/div>\n<div>Parkering sker p\u00e5 baksidan av huset vid <em>Kringv\u00e4gen.<\/em><\/div>\n","protected":false},"excerpt":{"rendered":"<p>60-talet! Med en fl\u00e4kt av 60-tal! I v\u00e4stra halvan av parstugan finns 60-talet, ca 40 kvm med fullt utrustat k\u00f6k med spis, kyl, frys och mikro. Eget badrum med dusch. 4+2 B\u00e4ddplatser (+reses\u00e4ng) 1 sovloft med tv\u00e5 s\u00e4ngar 1 sovrum med v\u00e5nings\u00e4ng 1 allrum med b\u00e4ddsoffa Grill utomhus. Parkering sker p\u00e5 baksidan av huset vid&#8230; <a href=\"https:\/\/lillabjallerupbostader.se\/tofta\/60-talet\" class=\"excerpt-read-more\">Read More<\/a><\/p>\n","protected":false},"author":2,"featured_media":0,"parent":0,"menu_order":2,"comment_status":"open","ping_status":"open","template":"","meta":{"jetpack_post_was_ever_published":false,"footnotes":""},"class_list":["post-369","page","type-page","status-publish","hentry"],"jetpack_shortlink":"https:\/\/wp.me\/PMCXL-5X","jetpack_sharing_enabled":true,"jetpack_likes_enabled":true,"jetpack-related-posts":[],"_links":{"self":[{"href":"https:\/\/lillabjallerupbostader.se\/tofta\/wp-json\/wp\/v2\/pages\/369","targetHints":{"allow":["GET"]}}],"collection":[{"href":"https:\/\/lillabjallerupbostader.se\/tofta\/wp-json\/wp\/v2\/pages"}],"about":[{"href":"https:\/\/lillabjallerupbostader.se\/tofta\/wp-json\/wp\/v2\/types\/page"}],"author":[{"embeddable":true,"href":"https:\/\/lillabjallerupbostader.se\/tofta\/wp-json\/wp\/v2\/users\/2"}],"replies":[{"embeddable":true,"href":"https:\/\/lillabjallerupbostader.se\/tofta\/wp-json\/wp\/v2\/comments?post=369"}],"version-history":[{"count":5,"href":"https:\/\/lillabjallerupbostader.se\/tofta\/wp-json\/wp\/v2\/pages\/369\/revisions"}],"predecessor-version":[{"id":420,"href":"https:\/\/lillabjallerupbostader.se\/tofta\/wp-json\/wp\/v2\/pages\/369\/revisions\/420"}],"wp:attachment":[{"href":"https:\/\/lillabjallerupbostader.se\/tofta\/wp-json\/wp\/v2\/media?parent=369"}],"curies":[{"name":"wp","href":"https:\/\/api.w.org\/{rel}","templated":true}]}}