{"id":384,"date":"2011-06-21T09:24:09","date_gmt":"2011-06-21T09:24:09","guid":{"rendered":"http:\/\/lillabjallerupbostader.se\/tofta\/?page_id=384"},"modified":"2015-01-02T13:12:02","modified_gmt":"2015-01-02T13:12:02","slug":"70-talet","status":"publish","type":"page","link":"https:\/\/lillabjallerupbostader.se\/tofta\/70-talet","title":{"rendered":"70-talet!"},"content":{"rendered":"<h2>70-talet!<br \/>\n<a href=\"https:\/\/i0.wp.com\/mediatofta.lillabjallerupbostader.se\/2011\/06\/Gotland-p%C3%A5sk-2010-064.jpg\"><img data-recalc-dims=\"1\" loading=\"lazy\" decoding=\"async\" data-attachment-id=\"387\" data-permalink=\"https:\/\/lillabjallerupbostader.se\/tofta\/70-talet\/gotland-pask-2010-064\" data-orig-file=\"https:\/\/i0.wp.com\/mediatofta.lillabjallerupbostader.se\/2011\/06\/Gotland-p%C3%A5sk-2010-064.jpg?fit=1280%2C960&amp;ssl=1\" data-orig-size=\"1280,960\" data-comments-opened=\"1\" data-image-meta=\"{&quot;aperture&quot;:&quot;2.8&quot;,&quot;credit&quot;:&quot;&quot;,&quot;camera&quot;:&quot;FinePix S7000&quot;,&quot;caption&quot;:&quot;&quot;,&quot;created_timestamp&quot;:&quot;1270378245&quot;,&quot;copyright&quot;:&quot;&quot;,&quot;focal_length&quot;:&quot;7.8&quot;,&quot;iso&quot;:&quot;200&quot;,&quot;shutter_speed&quot;:&quot;0.05&quot;,&quot;title&quot;:&quot;&quot;}\" data-image-title=\"Allrum\" data-image-description=\"\" data-image-caption=\"\" data-large-file=\"https:\/\/i0.wp.com\/mediatofta.lillabjallerupbostader.se\/2011\/06\/Gotland-p%C3%A5sk-2010-064.jpg?fit=960%2C720&amp;ssl=1\" class=\"alignnone size-thumbnail wp-image-387\" title=\"Allrum\" src=\"https:\/\/i0.wp.com\/mediatofta.lillabjallerupbostader.se\/2011\/06\/Gotland-p%C3%A5sk-2010-064.jpg?resize=150%2C150\" alt=\"\" width=\"150\" height=\"150\" srcset=\"https:\/\/i0.wp.com\/mediatofta.lillabjallerupbostader.se\/2011\/06\/Gotland-p%C3%A5sk-2010-064.jpg?resize=150%2C150&amp;ssl=1 150w, https:\/\/i0.wp.com\/mediatofta.lillabjallerupbostader.se\/2011\/06\/Gotland-p%C3%A5sk-2010-064.jpg?zoom=2&amp;resize=150%2C150 300w, https:\/\/i0.wp.com\/mediatofta.lillabjallerupbostader.se\/2011\/06\/Gotland-p%C3%A5sk-2010-064.jpg?zoom=3&amp;resize=150%2C150 450w\" sizes=\"auto, (max-width: 150px) 100vw, 150px\" \/><\/a><a href=\"https:\/\/i0.wp.com\/mediatofta.lillabjallerupbostader.se\/2011\/06\/Gotland-p%C3%A5sk-2010-055.jpg\"><img data-recalc-dims=\"1\" loading=\"lazy\" decoding=\"async\" data-attachment-id=\"386\" data-permalink=\"https:\/\/lillabjallerupbostader.se\/tofta\/70-talet\/gotland-pask-2010-055\" data-orig-file=\"https:\/\/i0.wp.com\/mediatofta.lillabjallerupbostader.se\/2011\/06\/Gotland-p%C3%A5sk-2010-055.jpg?fit=960%2C1280&amp;ssl=1\" data-orig-size=\"960,1280\" data-comments-opened=\"1\" data-image-meta=\"{&quot;aperture&quot;:&quot;2.8&quot;,&quot;credit&quot;:&quot;&quot;,&quot;camera&quot;:&quot;FinePix S7000&quot;,&quot;caption&quot;:&quot;&quot;,&quot;created_timestamp&quot;:&quot;1270377505&quot;,&quot;copyright&quot;:&quot;&quot;,&quot;focal_length&quot;:&quot;7.8&quot;,&quot;iso&quot;:&quot;200&quot;,&quot;shutter_speed&quot;:&quot;0.0357142857143&quot;,&quot;title&quot;:&quot;&quot;}\" data-image-title=\"Sovrum\" data-image-description=\"\" data-image-caption=\"\" data-large-file=\"https:\/\/i0.wp.com\/mediatofta.lillabjallerupbostader.se\/2011\/06\/Gotland-p%C3%A5sk-2010-055.jpg?fit=768%2C1024&amp;ssl=1\" class=\"alignnone size-thumbnail wp-image-386\" title=\"Sovrum\" src=\"https:\/\/i0.wp.com\/mediatofta.lillabjallerupbostader.se\/2011\/06\/Gotland-p%C3%A5sk-2010-055.jpg?resize=150%2C150\" alt=\"\" width=\"150\" height=\"150\" srcset=\"https:\/\/i0.wp.com\/mediatofta.lillabjallerupbostader.se\/2011\/06\/Gotland-p%C3%A5sk-2010-055.jpg?resize=150%2C150&amp;ssl=1 150w, https:\/\/i0.wp.com\/mediatofta.lillabjallerupbostader.se\/2011\/06\/Gotland-p%C3%A5sk-2010-055.jpg?zoom=2&amp;resize=150%2C150 300w, https:\/\/i0.wp.com\/mediatofta.lillabjallerupbostader.se\/2011\/06\/Gotland-p%C3%A5sk-2010-055.jpg?zoom=3&amp;resize=150%2C150 450w\" sizes=\"auto, (max-width: 150px) 100vw, 150px\" \/><\/a><a href=\"https:\/\/i0.wp.com\/mediatofta.lillabjallerupbostader.se\/2011\/06\/Gotland-p%C3%A5sk-2010-054.jpg\"><img data-recalc-dims=\"1\" loading=\"lazy\" decoding=\"async\" data-attachment-id=\"385\" data-permalink=\"https:\/\/lillabjallerupbostader.se\/tofta\/70-talet\/gotland-pask-2010-054\" data-orig-file=\"https:\/\/i0.wp.com\/mediatofta.lillabjallerupbostader.se\/2011\/06\/Gotland-p%C3%A5sk-2010-054.jpg?fit=1280%2C960&amp;ssl=1\" data-orig-size=\"1280,960\" data-comments-opened=\"1\" data-image-meta=\"{&quot;aperture&quot;:&quot;2.9&quot;,&quot;credit&quot;:&quot;&quot;,&quot;camera&quot;:&quot;FinePix S7000&quot;,&quot;caption&quot;:&quot;&quot;,&quot;created_timestamp&quot;:&quot;1270377496&quot;,&quot;copyright&quot;:&quot;&quot;,&quot;focal_length&quot;:&quot;14&quot;,&quot;iso&quot;:&quot;200&quot;,&quot;shutter_speed&quot;:&quot;0.00588235294118&quot;,&quot;title&quot;:&quot;&quot;}\" data-image-title=\"sovrumslampa\" data-image-description=\"\" data-image-caption=\"\" data-large-file=\"https:\/\/i0.wp.com\/mediatofta.lillabjallerupbostader.se\/2011\/06\/Gotland-p%C3%A5sk-2010-054.jpg?fit=960%2C720&amp;ssl=1\" class=\"alignnone size-thumbnail wp-image-385\" title=\"sovrumslampa\" src=\"https:\/\/i0.wp.com\/mediatofta.lillabjallerupbostader.se\/2011\/06\/Gotland-p%C3%A5sk-2010-054.jpg?resize=150%2C150\" alt=\"\" width=\"150\" height=\"150\" srcset=\"https:\/\/i0.wp.com\/mediatofta.lillabjallerupbostader.se\/2011\/06\/Gotland-p%C3%A5sk-2010-054.jpg?resize=150%2C150&amp;ssl=1 150w, https:\/\/i0.wp.com\/mediatofta.lillabjallerupbostader.se\/2011\/06\/Gotland-p%C3%A5sk-2010-054.jpg?zoom=2&amp;resize=150%2C150 300w, https:\/\/i0.wp.com\/mediatofta.lillabjallerupbostader.se\/2011\/06\/Gotland-p%C3%A5sk-2010-054.jpg?zoom=3&amp;resize=150%2C150 450w\" sizes=\"auto, (max-width: 150px) 100vw, 150px\" \/><\/a><a href=\"https:\/\/i0.wp.com\/mediatofta.lillabjallerupbostader.se\/2011\/06\/hallgolv-matta.jpg\"><img data-recalc-dims=\"1\" loading=\"lazy\" decoding=\"async\" data-attachment-id=\"390\" data-permalink=\"https:\/\/lillabjallerupbostader.se\/tofta\/70-talet\/hallgolv-matta\" data-orig-file=\"https:\/\/i0.wp.com\/mediatofta.lillabjallerupbostader.se\/2011\/06\/hallgolv-matta.jpg?fit=1280%2C960&amp;ssl=1\" data-orig-size=\"1280,960\" data-comments-opened=\"1\" data-image-meta=\"{&quot;aperture&quot;:&quot;2.8&quot;,&quot;credit&quot;:&quot;&quot;,&quot;camera&quot;:&quot;FinePix S7000&quot;,&quot;caption&quot;:&quot;&quot;,&quot;created_timestamp&quot;:&quot;1163642678&quot;,&quot;copyright&quot;:&quot;&quot;,&quot;focal_length&quot;:&quot;7.8&quot;,&quot;iso&quot;:&quot;200&quot;,&quot;shutter_speed&quot;:&quot;0.0166666666667&quot;,&quot;title&quot;:&quot;&quot;}\" data-image-title=\"hallgolv matta\" data-image-description=\"\" data-image-caption=\"\" data-large-file=\"https:\/\/i0.wp.com\/mediatofta.lillabjallerupbostader.se\/2011\/06\/hallgolv-matta.jpg?fit=960%2C720&amp;ssl=1\" class=\"alignnone size-thumbnail wp-image-390\" title=\"hallgolv matta\" src=\"https:\/\/i0.wp.com\/mediatofta.lillabjallerupbostader.se\/2011\/06\/hallgolv-matta.jpg?resize=150%2C150\" alt=\"\" width=\"150\" height=\"150\" srcset=\"https:\/\/i0.wp.com\/mediatofta.lillabjallerupbostader.se\/2011\/06\/hallgolv-matta.jpg?resize=150%2C150&amp;ssl=1 150w, https:\/\/i0.wp.com\/mediatofta.lillabjallerupbostader.se\/2011\/06\/hallgolv-matta.jpg?zoom=2&amp;resize=150%2C150 300w, https:\/\/i0.wp.com\/mediatofta.lillabjallerupbostader.se\/2011\/06\/hallgolv-matta.jpg?zoom=3&amp;resize=150%2C150 450w\" sizes=\"auto, (max-width: 150px) 100vw, 150px\" \/><\/a><a href=\"https:\/\/i0.wp.com\/mediatofta.lillabjallerupbostader.se\/2011\/06\/tofta-tilltr%C3%A4de-nov-2006-029.jpg\"><img data-recalc-dims=\"1\" loading=\"lazy\" decoding=\"async\" data-attachment-id=\"395\" data-permalink=\"https:\/\/lillabjallerupbostader.se\/tofta\/70-talet\/tofta-tilltrade-nov-2006-029\" data-orig-file=\"https:\/\/i0.wp.com\/mediatofta.lillabjallerupbostader.se\/2011\/06\/tofta-tilltr%C3%A4de-nov-2006-029.jpg?fit=960%2C1280&amp;ssl=1\" data-orig-size=\"960,1280\" data-comments-opened=\"1\" data-image-meta=\"{&quot;aperture&quot;:&quot;2.8&quot;,&quot;credit&quot;:&quot;&quot;,&quot;camera&quot;:&quot;FinePix S7000&quot;,&quot;caption&quot;:&quot;&quot;,&quot;created_timestamp&quot;:&quot;1163642905&quot;,&quot;copyright&quot;:&quot;&quot;,&quot;focal_length&quot;:&quot;7.8&quot;,&quot;iso&quot;:&quot;800&quot;,&quot;shutter_speed&quot;:&quot;0.0166666666667&quot;,&quot;title&quot;:&quot;&quot;}\" data-image-title=\"sovrum 3\" data-image-description=\"\" data-image-caption=\"\" data-large-file=\"https:\/\/i0.wp.com\/mediatofta.lillabjallerupbostader.se\/2011\/06\/tofta-tilltr%C3%A4de-nov-2006-029.jpg?fit=768%2C1024&amp;ssl=1\" class=\"alignnone size-thumbnail wp-image-395\" title=\"sovrum 3\" src=\"https:\/\/i0.wp.com\/mediatofta.lillabjallerupbostader.se\/2011\/06\/tofta-tilltr%C3%A4de-nov-2006-029.jpg?resize=150%2C150\" alt=\"\" width=\"150\" height=\"150\" srcset=\"https:\/\/i0.wp.com\/mediatofta.lillabjallerupbostader.se\/2011\/06\/tofta-tilltr%C3%A4de-nov-2006-029.jpg?resize=150%2C150&amp;ssl=1 150w, https:\/\/i0.wp.com\/mediatofta.lillabjallerupbostader.se\/2011\/06\/tofta-tilltr%C3%A4de-nov-2006-029.jpg?zoom=2&amp;resize=150%2C150 300w, https:\/\/i0.wp.com\/mediatofta.lillabjallerupbostader.se\/2011\/06\/tofta-tilltr%C3%A4de-nov-2006-029.jpg?zoom=3&amp;resize=150%2C150 450w\" sizes=\"auto, (max-width: 150px) 100vw, 150px\" \/><\/a><a href=\"https:\/\/i0.wp.com\/mediatofta.lillabjallerupbostader.se\/2011\/06\/Gotland-p%C3%A5sk-2010-066.jpg\"><img data-recalc-dims=\"1\" loading=\"lazy\" decoding=\"async\" data-attachment-id=\"388\" data-permalink=\"https:\/\/lillabjallerupbostader.se\/tofta\/70-talet\/gotland-pask-2010-066\" data-orig-file=\"https:\/\/i0.wp.com\/mediatofta.lillabjallerupbostader.se\/2011\/06\/Gotland-p%C3%A5sk-2010-066.jpg?fit=1280%2C960&amp;ssl=1\" data-orig-size=\"1280,960\" data-comments-opened=\"1\" data-image-meta=\"{&quot;aperture&quot;:&quot;2.8&quot;,&quot;credit&quot;:&quot;&quot;,&quot;camera&quot;:&quot;FinePix S7000&quot;,&quot;caption&quot;:&quot;&quot;,&quot;created_timestamp&quot;:&quot;1270378273&quot;,&quot;copyright&quot;:&quot;&quot;,&quot;focal_length&quot;:&quot;7.8&quot;,&quot;iso&quot;:&quot;200&quot;,&quot;shutter_speed&quot;:&quot;0.125&quot;,&quot;title&quot;:&quot;&quot;}\" data-image-title=\"Allrum och braskamin\" data-image-description=\"\" data-image-caption=\"\" data-large-file=\"https:\/\/i0.wp.com\/mediatofta.lillabjallerupbostader.se\/2011\/06\/Gotland-p%C3%A5sk-2010-066.jpg?fit=960%2C720&amp;ssl=1\" class=\"alignnone size-thumbnail wp-image-388\" title=\"Allrum och braskamin\" src=\"https:\/\/i0.wp.com\/mediatofta.lillabjallerupbostader.se\/2011\/06\/Gotland-p%C3%A5sk-2010-066.jpg?resize=150%2C150\" alt=\"\" width=\"150\" height=\"150\" srcset=\"https:\/\/i0.wp.com\/mediatofta.lillabjallerupbostader.se\/2011\/06\/Gotland-p%C3%A5sk-2010-066.jpg?resize=150%2C150&amp;ssl=1 150w, https:\/\/i0.wp.com\/mediatofta.lillabjallerupbostader.se\/2011\/06\/Gotland-p%C3%A5sk-2010-066.jpg?zoom=2&amp;resize=150%2C150 300w, https:\/\/i0.wp.com\/mediatofta.lillabjallerupbostader.se\/2011\/06\/Gotland-p%C3%A5sk-2010-066.jpg?zoom=3&amp;resize=150%2C150 450w\" sizes=\"auto, (max-width: 150px) 100vw, 150px\" \/><\/a><a href=\"https:\/\/i0.wp.com\/mediatofta.lillabjallerupbostader.se\/2011\/06\/tofta-tilltr%C3%A4de-nov-2006-006.jpg\"><img data-recalc-dims=\"1\" loading=\"lazy\" decoding=\"async\" data-attachment-id=\"393\" data-permalink=\"https:\/\/lillabjallerupbostader.se\/tofta\/70-talet\/tofta-tilltrade-nov-2006-006\" data-orig-file=\"https:\/\/i0.wp.com\/mediatofta.lillabjallerupbostader.se\/2011\/06\/tofta-tilltr%C3%A4de-nov-2006-006.jpg?fit=960%2C1280&amp;ssl=1\" data-orig-size=\"960,1280\" data-comments-opened=\"1\" data-image-meta=\"{&quot;aperture&quot;:&quot;2.8&quot;,&quot;credit&quot;:&quot;&quot;,&quot;camera&quot;:&quot;FinePix S7000&quot;,&quot;caption&quot;:&quot;&quot;,&quot;created_timestamp&quot;:&quot;1163642600&quot;,&quot;copyright&quot;:&quot;&quot;,&quot;focal_length&quot;:&quot;7.8&quot;,&quot;iso&quot;:&quot;200&quot;,&quot;shutter_speed&quot;:&quot;0.0166666666667&quot;,&quot;title&quot;:&quot;&quot;}\" data-image-title=\"Sovrum 2\" data-image-description=\"\" data-image-caption=\"\" data-large-file=\"https:\/\/i0.wp.com\/mediatofta.lillabjallerupbostader.se\/2011\/06\/tofta-tilltr%C3%A4de-nov-2006-006.jpg?fit=768%2C1024&amp;ssl=1\" class=\"alignnone size-thumbnail wp-image-393\" title=\"Sovrum 2\" src=\"https:\/\/i0.wp.com\/mediatofta.lillabjallerupbostader.se\/2011\/06\/tofta-tilltr%C3%A4de-nov-2006-006.jpg?resize=150%2C150\" alt=\"\" width=\"150\" height=\"150\" srcset=\"https:\/\/i0.wp.com\/mediatofta.lillabjallerupbostader.se\/2011\/06\/tofta-tilltr%C3%A4de-nov-2006-006.jpg?resize=150%2C150&amp;ssl=1 150w, https:\/\/i0.wp.com\/mediatofta.lillabjallerupbostader.se\/2011\/06\/tofta-tilltr%C3%A4de-nov-2006-006.jpg?zoom=2&amp;resize=150%2C150 300w, https:\/\/i0.wp.com\/mediatofta.lillabjallerupbostader.se\/2011\/06\/tofta-tilltr%C3%A4de-nov-2006-006.jpg?zoom=3&amp;resize=150%2C150 450w\" sizes=\"auto, (max-width: 150px) 100vw, 150px\" \/><\/a><a href=\"https:\/\/i0.wp.com\/mediatofta.lillabjallerupbostader.se\/2011\/06\/tofta-tilltr%C3%A4de-nov-2006-018.jpg\"><img data-recalc-dims=\"1\" loading=\"lazy\" decoding=\"async\" data-attachment-id=\"394\" data-permalink=\"https:\/\/lillabjallerupbostader.se\/tofta\/70-talet\/tofta-tilltrade-nov-2006-018\" data-orig-file=\"https:\/\/i0.wp.com\/mediatofta.lillabjallerupbostader.se\/2011\/06\/tofta-tilltr%C3%A4de-nov-2006-018.jpg?fit=960%2C1280&amp;ssl=1\" data-orig-size=\"960,1280\" data-comments-opened=\"1\" data-image-meta=\"{&quot;aperture&quot;:&quot;2.8&quot;,&quot;credit&quot;:&quot;&quot;,&quot;camera&quot;:&quot;FinePix S7000&quot;,&quot;caption&quot;:&quot;&quot;,&quot;created_timestamp&quot;:&quot;1163642769&quot;,&quot;copyright&quot;:&quot;&quot;,&quot;focal_length&quot;:&quot;7.8&quot;,&quot;iso&quot;:&quot;250&quot;,&quot;shutter_speed&quot;:&quot;0.0166666666667&quot;,&quot;title&quot;:&quot;&quot;}\" data-image-title=\"k\u00f6k\" data-image-description=\"\" data-image-caption=\"\" data-large-file=\"https:\/\/i0.wp.com\/mediatofta.lillabjallerupbostader.se\/2011\/06\/tofta-tilltr%C3%A4de-nov-2006-018.jpg?fit=768%2C1024&amp;ssl=1\" class=\"alignnone size-thumbnail wp-image-394\" title=\"k\u00f6k\" src=\"https:\/\/i0.wp.com\/mediatofta.lillabjallerupbostader.se\/2011\/06\/tofta-tilltr%C3%A4de-nov-2006-018.jpg?resize=150%2C150\" alt=\"\" width=\"150\" height=\"150\" srcset=\"https:\/\/i0.wp.com\/mediatofta.lillabjallerupbostader.se\/2011\/06\/tofta-tilltr%C3%A4de-nov-2006-018.jpg?resize=150%2C150&amp;ssl=1 150w, https:\/\/i0.wp.com\/mediatofta.lillabjallerupbostader.se\/2011\/06\/tofta-tilltr%C3%A4de-nov-2006-018.jpg?zoom=2&amp;resize=150%2C150 300w, https:\/\/i0.wp.com\/mediatofta.lillabjallerupbostader.se\/2011\/06\/tofta-tilltr%C3%A4de-nov-2006-018.jpg?zoom=3&amp;resize=150%2C150 450w\" sizes=\"auto, (max-width: 150px) 100vw, 150px\" \/><\/a><a href=\"https:\/\/i0.wp.com\/mediatofta.lillabjallerupbostader.se\/2011\/06\/gardin.jpg\"><img data-recalc-dims=\"1\" loading=\"lazy\" decoding=\"async\" data-attachment-id=\"389\" data-permalink=\"https:\/\/lillabjallerupbostader.se\/tofta\/70-talet\/gardin\" data-orig-file=\"https:\/\/i0.wp.com\/mediatofta.lillabjallerupbostader.se\/2011\/06\/gardin.jpg?fit=960%2C1280&amp;ssl=1\" data-orig-size=\"960,1280\" data-comments-opened=\"1\" data-image-meta=\"{&quot;aperture&quot;:&quot;2.8&quot;,&quot;credit&quot;:&quot;&quot;,&quot;camera&quot;:&quot;FinePix S7000&quot;,&quot;caption&quot;:&quot;&quot;,&quot;created_timestamp&quot;:&quot;1163643037&quot;,&quot;copyright&quot;:&quot;&quot;,&quot;focal_length&quot;:&quot;7.8&quot;,&quot;iso&quot;:&quot;200&quot;,&quot;shutter_speed&quot;:&quot;0.0166666666667&quot;,&quot;title&quot;:&quot;&quot;}\" data-image-title=\"gardin\" data-image-description=\"\" data-image-caption=\"\" data-large-file=\"https:\/\/i0.wp.com\/mediatofta.lillabjallerupbostader.se\/2011\/06\/gardin.jpg?fit=768%2C1024&amp;ssl=1\" class=\"alignnone size-thumbnail wp-image-389\" title=\"gardin\" src=\"https:\/\/i0.wp.com\/mediatofta.lillabjallerupbostader.se\/2011\/06\/gardin.jpg?resize=150%2C150\" alt=\"\" width=\"150\" height=\"150\" srcset=\"https:\/\/i0.wp.com\/mediatofta.lillabjallerupbostader.se\/2011\/06\/gardin.jpg?resize=150%2C150&amp;ssl=1 150w, https:\/\/i0.wp.com\/mediatofta.lillabjallerupbostader.se\/2011\/06\/gardin.jpg?zoom=2&amp;resize=150%2C150 300w, https:\/\/i0.wp.com\/mediatofta.lillabjallerupbostader.se\/2011\/06\/gardin.jpg?zoom=3&amp;resize=150%2C150 450w\" sizes=\"auto, (max-width: 150px) 100vw, 150px\" \/><\/a><\/h2>\n<p>Ca 68 kvm. Stugans allrum har tr\u00e4golv och braskamin f\u00f6r mysiga kv\u00e4llar. 6 B\u00e4ddplatser + reses\u00e4ng:<br \/>\n1 rum med tv\u00e5 enkels\u00e4ngar<br \/>\n1 rum med v\u00e5ningss\u00e4ng<br \/>\n1 rum med v\u00e5ningss\u00e4ng.<\/p>\n<p>Badrum med dusch, WC och tv\u00e4ttmaskin.<\/p>\n<p>Fullt utrustat k\u00f6k; kylsk\u00e5p\/frys, spis, vattenkokare, kaffebryggare och mikro.<\/p>\n<p>En veranda d\u00e4r man kan se havet mellan tallarna och njuta av solnedg\u00e5ngen!<\/p>\n<p>Grill utomhus.<\/p>\n","protected":false},"excerpt":{"rendered":"<p>70-talet! Ca 68 kvm. Stugans allrum har tr\u00e4golv och braskamin f\u00f6r mysiga kv\u00e4llar. 6 B\u00e4ddplatser + reses\u00e4ng: 1 rum med tv\u00e5 enkels\u00e4ngar 1 rum med v\u00e5ningss\u00e4ng 1 rum med v\u00e5ningss\u00e4ng. Badrum med dusch, WC och tv\u00e4ttmaskin. Fullt utrustat k\u00f6k; kylsk\u00e5p\/frys, spis, vattenkokare, kaffebryggare och mikro. En veranda d\u00e4r man kan se havet mellan tallarna och&#8230; <a href=\"https:\/\/lillabjallerupbostader.se\/tofta\/70-talet\" class=\"excerpt-read-more\">Read More<\/a><\/p>\n","protected":false},"author":2,"featured_media":0,"parent":0,"menu_order":1,"comment_status":"open","ping_status":"open","template":"","meta":{"jetpack_post_was_ever_published":false,"footnotes":""},"class_list":["post-384","page","type-page","status-publish","hentry"],"jetpack_shortlink":"https:\/\/wp.me\/PMCXL-6c","jetpack_sharing_enabled":true,"jetpack_likes_enabled":true,"jetpack-related-posts":[],"_links":{"self":[{"href":"https:\/\/lillabjallerupbostader.se\/tofta\/wp-json\/wp\/v2\/pages\/384","targetHints":{"allow":["GET"]}}],"collection":[{"href":"https:\/\/lillabjallerupbostader.se\/tofta\/wp-json\/wp\/v2\/pages"}],"about":[{"href":"https:\/\/lillabjallerupbostader.se\/tofta\/wp-json\/wp\/v2\/types\/page"}],"author":[{"embeddable":true,"href":"https:\/\/lillabjallerupbostader.se\/tofta\/wp-json\/wp\/v2\/users\/2"}],"replies":[{"embeddable":true,"href":"https:\/\/lillabjallerupbostader.se\/tofta\/wp-json\/wp\/v2\/comments?post=384"}],"version-history":[{"count":5,"href":"https:\/\/lillabjallerupbostader.se\/tofta\/wp-json\/wp\/v2\/pages\/384\/revisions"}],"predecessor-version":[{"id":795,"href":"https:\/\/lillabjallerupbostader.se\/tofta\/wp-json\/wp\/v2\/pages\/384\/revisions\/795"}],"wp:attachment":[{"href":"https:\/\/lillabjallerupbostader.se\/tofta\/wp-json\/wp\/v2\/media?parent=384"}],"curies":[{"name":"wp","href":"https:\/\/api.w.org\/{rel}","templated":true}]}}