{"id":426,"date":"2011-06-21T11:25:30","date_gmt":"2011-06-21T11:25:30","guid":{"rendered":"http:\/\/lillabjallerupbostader.se\/tofta\/?page_id=426"},"modified":"2024-01-28T09:06:31","modified_gmt":"2024-01-28T09:06:31","slug":"information","status":"publish","type":"page","link":"https:\/\/lillabjallerupbostader.se\/tofta\/information","title":{"rendered":"Information"},"content":{"rendered":"<h2 style=\"text-align: left;\">Information<\/h2>\n<p style=\"text-align: left;\"><strong>Post &#8211; <\/strong>kan tas emot och brevl\u00e5dan finns framf\u00f6r 70-TALET.<br \/>\nObservera dock att det \u00e4r en brevl\u00e5da f\u00f6r samtliga boende p\u00e5 \u00c5sv\u00e4gen 15<\/p>\n<p style=\"text-align: left;\"><strong>Filtar, kuddar &amp; t\u00e4cken liksom \u00f6vrig inredning<\/strong> ska stanna inne &#8211; ta med egna f\u00f6r utomhusbruk<\/p>\n<p style=\"text-align: left;\"><strong>Alla m\u00e5ste sopsortera \u2013 annars f\u00e5r vi stora avfallsproblem\u00a0<a href=\"https:\/\/www.gotland.se\/110905\" target=\"_blank\" rel=\"noopener\">Sorteringsguide<\/a><\/strong><\/p>\n<p style=\"text-align: left;\"><span style=\"text-decoration: underline;\">Kompost<\/span> sl\u00e4ngs i brunt plastk\u00e4rl intill 50-60-talet l\u00e4ngs Kringv\u00e4gen.<br \/>\nEndast avsedda kompostp\u00e5sar f\u00e5r anv\u00e4ndas. <em>H\u00e4mtning<br \/>\nsker j\u00e4mna veckor onsdagar.<\/em><\/p>\n<p style=\"text-align: left;\"><span style=\"text-decoration: underline;\">Br\u00e4nnbart avfall<\/span> som ex bl\u00f6jor, hygienartiklar<br \/>\nsl\u00e4ngs i svart k\u00e4rl intill 50-60-talet l\u00e4ngs Kringv\u00e4gen. <em>H\u00e4mtning<br \/>\nsker j\u00e4mna veckor onsdagar<\/em>.<\/p>\n<p style=\"text-align: left;\">\u00d6vrigt avfall som <span style=\"text-decoration: underline;\">glas, plast, papper, metall, wellpapp,<br \/>\nbatterier, pantflaskor<\/span> ska sorteras vid tunnorna bakom f\u00f6rr\u00e5det. <span style=\"text-decoration: underline;\">Grillkol\/aska<\/span><br \/>\nska sl\u00e4ngas i en metallbeh\u00e5llare som ocks\u00e5 finns bakom f\u00f6rr\u00e5det.<\/p>\n<p style=\"text-align: left;\"><strong>Parkering<\/strong><\/p>\n<p style=\"text-align: left;\"><span style=\"text-decoration: underline;\">50-60-talet<\/span> bakom parstugan utmed <em>Kringv\u00e4gen<\/em>.<\/p>\n<p style=\"text-align: left;\"><span style=\"text-decoration: underline;\">70-talet<\/span> vid sidan om gaveln, helst den s\u00f6dra s\u00e5<br \/>\natt lekande barn inte beh\u00f6ver ha en bil f\u00f6r n\u00e4ra inp\u00e5 sig.<\/p>\n<p><strong>Vi kan erbjuda laddning av elbilar<\/strong>, information finns i respektive stuga.<\/p>\n<p style=\"text-align: left;\"><strong>Om n\u00e5got g\u00e5r s\u00f6nder &#8211; <\/strong>Vi har samlat in b\u00e5de tapeter, m\u00f6bler och inventarier bland sl\u00e4kt och v\u00e4nner samt handlat p\u00e5 loppis. Med andra ord \u00e4r det inte s\u00e5 l\u00e4tt att ers\u00e4tta det som g\u00e5r s\u00f6nder d\u00e5 det \u00e4r saker fr\u00e5n respektive \u00e5rtionde.<br \/>\nOm olyckan \u00e4nd\u00e5 \u00e4r framme hoppas vi att ni talar om det ist\u00e4llet f\u00f6r att vi f\u00e5r uppt\u00e4cka det n\u00e4sta g\u00e5ng vi kommer. Kanske hittar ni n\u00e5got motsvarande sj\u00e4lva p\u00e5 loppis \u2013 men meddela oss s\u00e5 vi vet!<\/p>\n<p style=\"text-align: left;\"><strong>Vid akutl\u00e4ge &#8211; <\/strong>ex. trasig spis ring omg\u00e5ende Aja p\u00e5 0702-240876 eller Nicklas p\u00e5 0702-755404 s\u00e5 ska vi f\u00f6rs\u00f6ka l\u00f6sa problemet.<\/p>\n<p style=\"text-align: left;\"><strong>V\u00e4nligen respektera<br \/>\n<\/strong>att husdjur ej f\u00e5r medtagas och att r\u00f6kning inte \u00e4r till\u00e5ten p\u00e5 fastigheten<\/p>\n<p style=\"text-align: left;\">Hoppas Er vistelse blir trevlig och v\u00e4rd att minnas \u2013<br \/>\ndela g\u00e4rna med Er av erfarenheterna i G\u00e4stboken eller via v\u00e5rt <a href=\"https:\/\/www.instagram.com\/guldakers_semesterhem\/\" target=\"_blank\" rel=\"noopener\">Instagram Guld\u00e5kers Semesterhem<\/a> \u00a0 eller\u00a0 <strong>Facebook<\/strong>sida <strong><a href=\"https:\/\/www.facebook.com\/toftasodra\" target=\"_blank\" rel=\"noopener\">Guld\u00e5kers Semesterhem<\/a><\/strong><\/p>\n<p style=\"text-align: left;\"><em><strong>H\u00e4lsningar <\/strong><\/em><em><strong>Familjen Guld\u00e5ker<\/strong><\/em><\/p>\n<p style=\"text-align: left;\">\n","protected":false},"excerpt":{"rendered":"<p>Information Post &#8211; kan tas emot och brevl\u00e5dan finns framf\u00f6r 70-TALET. Observera dock att det \u00e4r en brevl\u00e5da f\u00f6r samtliga boende p\u00e5 \u00c5sv\u00e4gen 15 Filtar, kuddar &amp; t\u00e4cken liksom \u00f6vrig inredning ska stanna inne &#8211; ta med egna f\u00f6r utomhusbruk Alla m\u00e5ste sopsortera \u2013 annars f\u00e5r vi stora avfallsproblem\u00a0Sorteringsguide Kompost sl\u00e4ngs i brunt plastk\u00e4rl intill&#8230; <a href=\"https:\/\/lillabjallerupbostader.se\/tofta\/information\" class=\"excerpt-read-more\">Read More<\/a><\/p>\n","protected":false},"author":2,"featured_media":0,"parent":0,"menu_order":0,"comment_status":"open","ping_status":"open","template":"","meta":{"jetpack_post_was_ever_published":false,"footnotes":""},"class_list":["post-426","page","type-page","status-publish","hentry"],"jetpack_shortlink":"https:\/\/wp.me\/PMCXL-6S","jetpack_sharing_enabled":true,"jetpack_likes_enabled":true,"jetpack-related-posts":[],"_links":{"self":[{"href":"https:\/\/lillabjallerupbostader.se\/tofta\/wp-json\/wp\/v2\/pages\/426","targetHints":{"allow":["GET"]}}],"collection":[{"href":"https:\/\/lillabjallerupbostader.se\/tofta\/wp-json\/wp\/v2\/pages"}],"about":[{"href":"https:\/\/lillabjallerupbostader.se\/tofta\/wp-json\/wp\/v2\/types\/page"}],"author":[{"embeddable":true,"href":"https:\/\/lillabjallerupbostader.se\/tofta\/wp-json\/wp\/v2\/users\/2"}],"replies":[{"embeddable":true,"href":"https:\/\/lillabjallerupbostader.se\/tofta\/wp-json\/wp\/v2\/comments?post=426"}],"version-history":[{"count":5,"href":"https:\/\/lillabjallerupbostader.se\/tofta\/wp-json\/wp\/v2\/pages\/426\/revisions"}],"predecessor-version":[{"id":1455,"href":"https:\/\/lillabjallerupbostader.se\/tofta\/wp-json\/wp\/v2\/pages\/426\/revisions\/1455"}],"wp:attachment":[{"href":"https:\/\/lillabjallerupbostader.se\/tofta\/wp-json\/wp\/v2\/media?parent=426"}],"curies":[{"name":"wp","href":"https:\/\/api.w.org\/{rel}","templated":true}]}}