{"id":750,"date":"2015-01-01T08:22:47","date_gmt":"2015-01-01T08:22:47","guid":{"rendered":"http:\/\/lillabjallerupbostader.se\/tofta\/?page_id=750"},"modified":"2017-02-11T09:37:53","modified_gmt":"2017-02-11T09:37:53","slug":"kontakta-oss","status":"publish","type":"page","link":"https:\/\/lillabjallerupbostader.se\/tofta\/kontakta-oss","title":{"rendered":"Kontakta oss"},"content":{"rendered":"<h2>Kontakt<\/h2>\n<p>Fyll i kontaktformul\u00e4ret f\u00f6r att g\u00f6ra en intresseanm\u00e4lan s\u00e5 h\u00f6r vi av oss inom kort. F\u00f6r \u00f6vriga fr\u00e5gor g\u00e5r det bra att kontakta oss visa e-post <a href=\"mailto:tofta@lillabjallerupbostader.se\">tofta@lillabjallerupbostader.se<\/a>.<\/p>\n<p>ps. Vi svarar alltid p\u00e5 f\u00f6rfr\u00e5gan &#8211; har du inte f\u00e5tt svar s\u00e5 kolla din skr\u00e4ppost s\u00e5 kanske du f\u00e5tt ett svar trots allt!<\/p>\n<hr \/>\n\n<div class=\"wpcf7 no-js\" id=\"wpcf7-f749-o1\" lang=\"sv-SE\" dir=\"ltr\" data-wpcf7-id=\"749\">\n<div class=\"screen-reader-response\"><p role=\"status\" aria-live=\"polite\" aria-atomic=\"true\"><\/p> <ul><\/ul><\/div>\n<form action=\"\/tofta\/wp-json\/wp\/v2\/pages\/750#wpcf7-f749-o1\" method=\"post\" class=\"wpcf7-form init\" aria-label=\"Kontaktformul\u00e4r\" novalidate=\"novalidate\" data-status=\"init\">\n<fieldset class=\"hidden-fields-container\"><input type=\"hidden\" name=\"_wpcf7\" value=\"749\" \/><input type=\"hidden\" name=\"_wpcf7_version\" value=\"6.1.5\" \/><input type=\"hidden\" name=\"_wpcf7_locale\" value=\"sv_SE\" \/><input type=\"hidden\" name=\"_wpcf7_unit_tag\" value=\"wpcf7-f749-o1\" \/><input type=\"hidden\" name=\"_wpcf7_container_post\" value=\"0\" \/><input type=\"hidden\" name=\"_wpcf7_posted_data_hash\" value=\"\" \/>\n<\/fieldset>\n<p>Boende jag \u00e4r intresserad av:\n<\/p>\n<p><span class=\"wpcf7-form-control-wrap\" data-name=\"boende\"><span class=\"wpcf7-form-control wpcf7-checkbox\"><span class=\"wpcf7-list-item first\"><input type=\"checkbox\" name=\"boende[]\" value=\"50-talet\" \/><span class=\"wpcf7-list-item-label\">50-talet<\/span><\/span><span class=\"wpcf7-list-item\"><input type=\"checkbox\" name=\"boende[]\" value=\"60-talet\" \/><span class=\"wpcf7-list-item-label\">60-talet<\/span><\/span><span class=\"wpcf7-list-item last\"><input type=\"checkbox\" name=\"boende[]\" value=\"70-talet\" \/><span class=\"wpcf7-list-item-label\">70-talet<\/span><\/span><\/span><\/span>\n<\/p>\n<table>\n\t<tr>\n\t\t<td>\n\t\t\t<div align=\"left\">\n\t\t\t\t<p>Vecka jag \u00e4r intresserad av:\n\t\t\t\t<\/p>\n\t\t\t\t<p><span class=\"wpcf7-form-control-wrap\" data-name=\"your-week\"><input size=\"40\" maxlength=\"400\" class=\"wpcf7-form-control wpcf7-text\" aria-invalid=\"false\" value=\"\" type=\"text\" name=\"your-week\" \/><\/span>\n\t\t\t\t<\/p>\n\t\t\t\t<div>\n\t\t\t\t<\/div>\n\t\t\t<\/div>\n\t\t<\/td>\n\t\t<td>\n\t\t\t<div align=\"left\">\n\t\t\t\t<p>Antal personer:\n\t\t\t\t<\/p>\n\t\t\t\t<p><span class=\"wpcf7-form-control-wrap\" data-name=\"antal\"><input size=\"40\" maxlength=\"400\" class=\"wpcf7-form-control wpcf7-text\" aria-invalid=\"false\" value=\"\" type=\"text\" name=\"antal\" \/><\/span>\n\t\t\t\t<\/p>\n\t\t\t\t<div>\n\t\t\t\t<\/div>\n\t\t\t<\/div>\n\t\t<\/td>\n\t<\/tr>\n<\/table>\n<p>Ditt namn (obligatorisk)\n<\/p>\n<p><span class=\"wpcf7-form-control-wrap\" data-name=\"your-name\"><input size=\"40\" maxlength=\"400\" class=\"wpcf7-form-control wpcf7-text wpcf7-validates-as-required\" aria-required=\"true\" aria-invalid=\"false\" value=\"\" type=\"text\" name=\"your-name\" \/><\/span>\n<\/p>\n<p>Gatuadress (obligatorisk)\n<\/p>\n<p><span class=\"wpcf7-form-control-wrap\" data-name=\"your-streetaddress\"><input size=\"40\" maxlength=\"400\" class=\"wpcf7-form-control wpcf7-text wpcf7-validates-as-required\" aria-required=\"true\" aria-invalid=\"false\" value=\"\" type=\"text\" name=\"your-streetaddress\" \/><\/span>\n<\/p>\n<p>Postnummer och ort (obligatorisk)\n<\/p>\n<p><span class=\"wpcf7-form-control-wrap\" data-name=\"your-postnrort\"><input size=\"40\" maxlength=\"400\" class=\"wpcf7-form-control wpcf7-text wpcf7-validates-as-required\" aria-required=\"true\" aria-invalid=\"false\" value=\"\" type=\"text\" name=\"your-postnrort\" \/><\/span>\n<\/p>\n<p>Telefon (obligatorisk)\n<\/p>\n<p><span class=\"wpcf7-form-control-wrap\" data-name=\"your-telefon\"><input size=\"40\" maxlength=\"400\" class=\"wpcf7-form-control wpcf7-text wpcf7-validates-as-required\" aria-required=\"true\" aria-invalid=\"false\" value=\"\" type=\"text\" name=\"your-telefon\" \/><\/span>\n<\/p>\n<p>Din epost (obligatorisk)\n<\/p>\n<p><span class=\"wpcf7-form-control-wrap\" data-name=\"your-email\"><input size=\"40\" maxlength=\"400\" class=\"wpcf7-form-control wpcf7-email wpcf7-validates-as-required wpcf7-text wpcf7-validates-as-email\" aria-required=\"true\" aria-invalid=\"false\" value=\"\" type=\"email\" name=\"your-email\" \/><\/span>\n<\/p>\n<p>Meddelande eller fr\u00e5gor:\n<\/p>\n<p><span class=\"wpcf7-form-control-wrap\" data-name=\"your-meddelande\"><input size=\"40\" maxlength=\"400\" class=\"wpcf7-form-control wpcf7-text\" aria-invalid=\"false\" value=\"\" type=\"text\" name=\"your-meddelande\" \/><\/span>\n<\/p>\n<p><input class=\"wpcf7-form-control wpcf7-submit has-spinner\" type=\"submit\" value=\"Skicka\" \/>\n<\/p><p style=\"display: none !important;\" class=\"akismet-fields-container\" data-prefix=\"_wpcf7_ak_\"><label>&#916;<textarea name=\"_wpcf7_ak_hp_textarea\" cols=\"45\" rows=\"8\" maxlength=\"100\"><\/textarea><\/label><input type=\"hidden\" id=\"ak_js_1\" name=\"_wpcf7_ak_js\" value=\"85\"\/><script>document.getElementById( \"ak_js_1\" ).setAttribute( \"value\", ( new Date() ).getTime() );<\/script><\/p><div class=\"wpcf7-response-output\" aria-hidden=\"true\"><\/div>\n<\/form>\n<\/div>\n\n","protected":false},"excerpt":{"rendered":"<p>Kontakt Fyll i kontaktformul\u00e4ret f\u00f6r att g\u00f6ra en intresseanm\u00e4lan s\u00e5 h\u00f6r vi av oss inom kort. F\u00f6r \u00f6vriga fr\u00e5gor g\u00e5r det bra att kontakta oss visa e-post tofta@lillabjallerupbostader.se. ps. Vi svarar alltid p\u00e5 f\u00f6rfr\u00e5gan &#8211; har du inte f\u00e5tt svar s\u00e5 kolla din skr\u00e4ppost s\u00e5 kanske du f\u00e5tt ett svar trots allt!<\/p>\n","protected":false},"author":4,"featured_media":0,"parent":0,"menu_order":0,"comment_status":"closed","ping_status":"open","template":"","meta":{"jetpack_post_was_ever_published":false,"footnotes":""},"class_list":["post-750","page","type-page","status-publish","hentry"],"jetpack_shortlink":"https:\/\/wp.me\/PMCXL-c6","jetpack_sharing_enabled":true,"jetpack_likes_enabled":true,"jetpack-related-posts":[],"_links":{"self":[{"href":"https:\/\/lillabjallerupbostader.se\/tofta\/wp-json\/wp\/v2\/pages\/750","targetHints":{"allow":["GET"]}}],"collection":[{"href":"https:\/\/lillabjallerupbostader.se\/tofta\/wp-json\/wp\/v2\/pages"}],"about":[{"href":"https:\/\/lillabjallerupbostader.se\/tofta\/wp-json\/wp\/v2\/types\/page"}],"author":[{"embeddable":true,"href":"https:\/\/lillabjallerupbostader.se\/tofta\/wp-json\/wp\/v2\/users\/4"}],"replies":[{"embeddable":true,"href":"https:\/\/lillabjallerupbostader.se\/tofta\/wp-json\/wp\/v2\/comments?post=750"}],"version-history":[{"count":5,"href":"https:\/\/lillabjallerupbostader.se\/tofta\/wp-json\/wp\/v2\/pages\/750\/revisions"}],"predecessor-version":[{"id":942,"href":"https:\/\/lillabjallerupbostader.se\/tofta\/wp-json\/wp\/v2\/pages\/750\/revisions\/942"}],"wp:attachment":[{"href":"https:\/\/lillabjallerupbostader.se\/tofta\/wp-json\/wp\/v2\/media?parent=750"}],"curies":[{"name":"wp","href":"https:\/\/api.w.org\/{rel}","templated":true}]}}