{"id":975,"date":"2017-10-21T16:14:41","date_gmt":"2017-10-21T16:14:41","guid":{"rendered":"http:\/\/lillabjallerupbostader.se\/tofta\/?page_id=975"},"modified":"2026-01-18T18:26:54","modified_gmt":"2026-01-18T18:26:54","slug":"ledigt-2026","status":"publish","type":"page","link":"https:\/\/lillabjallerupbostader.se\/tofta\/ledigt-2026","title":{"rendered":"Ledigt 2026"},"content":{"rendered":"<h2>Ledigt 2026<\/h2>\n<p>Det finns tre olika bost\u00e4der att hyra; <strong>50-talet<\/strong> , <strong>60-talet<\/strong> och <strong>70-talet. <\/strong>\u00a0N\u00e4r du vill boka en ledig semestervecka s\u00e5 skicka en bokningsf\u00f6rfr\u00e5gan genom att klicka p\u00e5 <a href=\"http:\/\/lillabjallerupbostader.se\/tofta\/kontakta-oss\">Kontakt<\/a>. Tilltr\u00e4det sker p\u00e5 s\u00f6ndagen f\u00f6re aktuellt veckonummer. Bostaden disponeras fr\u00e5n 16.00 tilltr\u00e4desdagen till 12.00 s\u00f6ndagen d\u00e4refter. St\u00e4dningen kontrolleras d\u00e4refter av en tillsyningsman. L\u00e4s noga igenom <a href=\"http:\/\/lillabjallerupbostader.se\/tofta\/?page_id=10\">Villkor<\/a>.<\/p>\n<p><em>Bokning av st\u00e4dning<\/em> sker i samband med stugbokningen, kostnad 1500:- inkl. moms<\/p>\n<p>B=Bokad<\/p>\n<p><em>V\u00e4lkommen att skicka en bokningsf\u00f6rfr\u00e5gan!<\/em><\/p>\n<table style=\"height: 511px;\" border=\"1\" width=\"602\" cellspacing=\"2\" cellpadding=\"0\">\n<tbody>\n<tr>\n<td style=\"width: 100px;\">\u00a0<strong> 2026<\/strong><\/td>\n<td style=\"width: 46px; text-align: center;\"><span style=\"background-color: #ffffff;\"><strong>Vecka <\/strong><\/span><\/td>\n<td style=\"width: 102px; text-align: center;\"><span style=\"background-color: #ffffff;\"><strong>Datum\u00a0<\/strong><\/span><\/td>\n<td style=\"width: 57px; text-align: center;\"><span style=\"background-color: #ffffff;\"><strong>70-talet<\/strong><\/span><\/td>\n<td style=\"width: 58px; text-align: center;\"><span style=\"background-color: #ffffff;\"><strong>60-talet<\/strong><\/span><\/td>\n<td style=\"width: 58px; text-align: center;\"><span style=\"background-color: #ffffff;\"><strong>50-talet<\/strong><\/span><\/td>\n<td style=\"width: 152px;\"><\/td>\n<\/tr>\n<tr>\n<td style=\"width: 100px;\">\n<ul>\n<li><span style=\"color: #3366ff;\"><em><span style=\"background-color: #ffffff;\">Mellans\u00e4song<\/span><\/em><\/span><\/li>\n<li><span style=\"color: #3366ff;\"><em><span style=\"background-color: #ffffff;\">H\u00f6gs\u00e4song<\/span><\/em><\/span><\/li>\n<\/ul>\n<\/td>\n<td style=\"width: 46px; text-align: center;\"><\/td>\n<td style=\"width: 102px; text-align: center;\"><\/td>\n<td style=\"text-align: center; width: 57px;\"><span style=\"color: #3366ff;\"><em>8 600 9 600<\/em><\/span><\/td>\n<td style=\"text-align: center; width: 58px;\"><span style=\"color: #3366ff;\"><em>7 900 9 000<\/em><\/span><\/td>\n<td style=\"text-align: center; width: 58px;\"><span style=\"color: #3366ff;\"><em>7 900 9 000<\/em><\/span><\/td>\n<td style=\"width: 152px; text-align: center;\"><span style=\"color: #0000ff;\">SEK<\/span><\/td>\n<\/tr>\n<tr>\n<td style=\"width: 100px;\">Mellans\u00e4song<\/td>\n<td style=\"width: 46px; text-align: center;\"><span style=\"color: #000000;\"><span style=\"background-color: #ffffff;\">25<\/span><\/span><\/td>\n<td style=\"text-align: center; width: 102px;\"><span style=\"color: #000000;\"><span style=\"background-color: #ffffff;\">14 &#8211; 21 juni<\/span><\/span><\/td>\n<td style=\"text-align: center; width: 57px;\"><span style=\"background-color: #ffffff;\">ledigt<\/span><\/td>\n<td style=\"text-align: center; width: 58px;\"><span style=\"background-color: #ffffff;\">ledigt<\/span><\/td>\n<td style=\"width: 58px; text-align: center;\"><span style=\"background-color: #ffffff;\">ledigt<\/span><\/td>\n<td style=\"width: 152px; text-align: center;\"><span style=\"color: #000000;\">Midsommar<\/span><\/td>\n<\/tr>\n<tr>\n<td style=\"width: 100px;\"><span style=\"background-color: #ffffff;\">H\u00f6gs\u00e4song<\/span><\/td>\n<td style=\"text-align: center; width: 46px;\"><span style=\"background-color: #ffffff;\">26<\/span><\/td>\n<td style=\"text-align: center; width: 102px;\"><span style=\"background-color: #ffffff;\">21 &#8211; 28\/6\u00a0<\/span><\/td>\n<td style=\"text-align: center; width: 57px;\"><span style=\"background-color: #ffffff;\">B<\/span><\/td>\n<td style=\"text-align: center; width: 58px;\"><span style=\"background-color: #ffffff;\">B<\/span><\/td>\n<td style=\"text-align: center; width: 58px;\"><span style=\"background-color: #ffffff;\">B<\/span><\/td>\n<td style=\"width: 152px; text-align: center;\">Almedalsveckan<\/td>\n<\/tr>\n<tr>\n<td style=\"width: 100px;\"><span style=\"background-color: #ffffff;\">H\u00f6gs\u00e4song<\/span><\/td>\n<td style=\"text-align: center; width: 46px;\"><span style=\"background-color: #ffffff;\">27<\/span><\/td>\n<td style=\"text-align: center; width: 102px;\"><span style=\"background-color: #ffffff;\">28\/6 &#8211; 5\/7<\/span><\/td>\n<td style=\"text-align: center; width: 57px;\"><span style=\"background-color: #ffffff;\">ledigt<\/span><\/td>\n<td style=\"text-align: center; width: 58px;\"><span style=\"background-color: #ffffff;\">ledigt<\/span><\/td>\n<td style=\"text-align: center; width: 58px;\"><span style=\"background-color: #ffffff;\">ledigt<\/span><\/td>\n<td style=\"width: 152px; text-align: center;\"><\/td>\n<\/tr>\n<tr>\n<td style=\"width: 100px;\"><span style=\"background-color: #ffffff;\">H\u00f6gs\u00e4song<\/span><\/td>\n<td style=\"text-align: center; width: 46px;\"><span style=\"background-color: #ffffff;\">28<\/span><\/td>\n<td style=\"text-align: center; width: 102px;\"><span style=\"background-color: #ffffff;\">5 &#8211; 12\/7<\/span><\/td>\n<td style=\"text-align: center; width: 57px;\"><span style=\"background-color: #ffffff;\">ledigt<\/span><\/td>\n<td style=\"text-align: center; width: 58px;\"><span style=\"background-color: #ffffff;\">ledigt<\/span><\/td>\n<td style=\"text-align: center; width: 58px;\"><span style=\"background-color: #ffffff;\">ledigt<\/span><\/td>\n<td style=\"width: 152px; text-align: center;\"><\/td>\n<\/tr>\n<tr>\n<td style=\"width: 100px;\"><span style=\"background-color: #ffffff;\">H\u00f6gs\u00e4song<\/span><\/td>\n<td style=\"text-align: center; width: 46px;\"><span style=\"background-color: #ffffff;\">29<\/span><\/td>\n<td style=\"text-align: center; width: 102px;\"><span style=\"background-color: #ffffff;\">12 &#8211; 19\/7<\/span><\/td>\n<td style=\"text-align: center; width: 57px;\"><span style=\"background-color: #ffffff;\">B<\/span><\/td>\n<td style=\"text-align: center; width: 58px;\">B<\/td>\n<td style=\"text-align: center; width: 58px;\"><span style=\"background-color: #ffffff;\">B<\/span><\/td>\n<td style=\"width: 152px; text-align: center;\"><\/td>\n<\/tr>\n<tr>\n<td style=\"width: 100px;\"><span style=\"background-color: #ffffff;\">H\u00f6gs\u00e4song<\/span><\/td>\n<td style=\"text-align: center; width: 46px;\"><span style=\"background-color: #ffffff;\">30<\/span><\/td>\n<td style=\"text-align: center; width: 102px;\"><span style=\"background-color: #ffffff;\">19 &#8211; 26\/7<\/span><\/td>\n<td style=\"text-align: center; width: 57px;\"><span style=\"background-color: #ffffff;\">ledigt<\/span><\/td>\n<td style=\"text-align: center; width: 58px;\"><span style=\"background-color: #ffffff;\">ledigt<\/span><\/td>\n<td style=\"text-align: center; width: 58px;\"><span style=\"background-color: #ffffff;\">ledigt<\/span><\/td>\n<td style=\"width: 152px; text-align: center;\"><\/td>\n<\/tr>\n<tr>\n<td style=\"width: 100px;\"><span style=\"background-color: #ffffff;\">H\u00f6gs\u00e4song<\/span><\/td>\n<td style=\"text-align: center; width: 46px;\"><span style=\"background-color: #ffffff;\">31<\/span><\/td>\n<td style=\"text-align: center; width: 102px;\"><span style=\"background-color: #ffffff;\">26\/7 &#8211; 2\/8<\/span><\/td>\n<td style=\"text-align: center; width: 57px;\">B<\/td>\n<td style=\"text-align: center; width: 58px;\"><span style=\"background-color: #ffffff;\">ledigt<\/span><\/td>\n<td style=\"text-align: center; width: 58px;\">B<\/td>\n<td style=\"width: 152px; text-align: center;\"><\/td>\n<\/tr>\n<tr>\n<td style=\"width: 100px;\"><span style=\"background-color: #ffffff;\">H\u00f6gs\u00e4song<\/span><\/td>\n<td style=\"text-align: center; width: 46px;\"><span style=\"background-color: #ffffff;\">32<\/span><\/td>\n<td style=\"text-align: center; width: 102px;\"><span style=\"background-color: #ffffff;\">2 &#8211; 9\/8<\/span><\/td>\n<td style=\"text-align: center; width: 57px;\"><span style=\"background-color: #ffffff;\">B<\/span><\/td>\n<td style=\"text-align: center; width: 58px;\"><span style=\"background-color: #ffffff;\">ledigt<\/span><\/td>\n<td style=\"text-align: center; width: 58px;\"><span style=\"background-color: #ffffff;\">B<\/span><\/td>\n<td style=\"width: 152px; text-align: center;\">Medeltidsveckan<\/td>\n<\/tr>\n<tr>\n<td style=\"width: 100px;\"><span style=\"background-color: #ffffff;\">Mellans\u00e4song<\/span><\/td>\n<td style=\"text-align: center; width: 46px;\"><span style=\"background-color: #ffffff;\">33<\/span><\/td>\n<td style=\"text-align: center; width: 102px;\"><span style=\"background-color: #ffffff;\">9-16\/8<\/span><\/td>\n<td style=\"text-align: center; width: 57px;\">8 600<\/td>\n<td style=\"text-align: center; width: 58px;\">7 900<\/td>\n<td style=\"text-align: center; width: 58px;\">7 900<\/td>\n<td style=\"width: 152px;\"><\/td>\n<\/tr>\n<\/tbody>\n<\/table>\n<p>&nbsp;<\/p>\n<p><span style=\"color: #008000;\">F\u00f6re vecka 25 och efter vecka 33 har vi uthyrning via Airbnb\u00a0<\/span><\/p>\n<p><strong>70-talet<\/strong>\u00a0<a href=\"https:\/\/www.airbnb.se\/rooms\/27534136?location=Gotland&amp;adults=1&amp;children=0&amp;infants=0&amp;guests=1&amp;s=4ltEXp2t\" target=\"_blank\" rel=\"noopener noreferrer\"><span style=\"color: #008000;\">https:\/\/www.airbnb.se\/rooms\/27534136?location=Gotland&amp;adults=1&amp;children=0&amp;infants=0&amp;guests=1&amp;s=4ltEXp2t<\/span><\/a><\/p>\n<p><strong>60-talet\u00a0<\/strong><a href=\"https:\/\/www.airbnb.se\/rooms\/27536257?location=Gotland&amp;adults=1&amp;children=0&amp;infants=0&amp;guests=1&amp;s=4ltEXp2t\" target=\"_blank\" rel=\"noopener noreferrer\"><span style=\"color: #008000;\">https:\/\/www.airbnb.se\/rooms\/27536257?location=Gotland&amp;adults=1&amp;children=0&amp;infants=0&amp;guests=1&amp;s=4ltEXp2t<\/span><\/a><\/p>\n<p><strong>50-talet<\/strong>\u00a0<a href=\"https:\/\/www.airbnb.se\/rooms\/27536664?location=Gotland&amp;adults=1&amp;children=0&amp;infants=0&amp;guests=1&amp;s=4ltEXp2t\" target=\"_blank\" rel=\"noopener noreferrer\"><span style=\"color: #008000;\">https:\/\/www.airbnb.se\/rooms\/27536664?location=Gotland&amp;adults=1&amp;children=0&amp;infants=0&amp;guests=1&amp;s=4ltEXp2t<\/span><\/a><\/p>\n","protected":false},"excerpt":{"rendered":"<p>Ledigt 2026 Det finns tre olika bost\u00e4der att hyra; 50-talet , 60-talet och 70-talet. \u00a0N\u00e4r du vill boka en ledig semestervecka s\u00e5 skicka en bokningsf\u00f6rfr\u00e5gan genom att klicka p\u00e5 Kontakt. Tilltr\u00e4det sker p\u00e5 s\u00f6ndagen f\u00f6re aktuellt veckonummer. Bostaden disponeras fr\u00e5n 16.00 tilltr\u00e4desdagen till 12.00 s\u00f6ndagen d\u00e4refter. St\u00e4dningen kontrolleras d\u00e4refter av en tillsyningsman. L\u00e4s noga igenom&#8230; <a href=\"https:\/\/lillabjallerupbostader.se\/tofta\/ledigt-2026\" class=\"excerpt-read-more\">Read More<\/a><\/p>\n","protected":false},"author":2,"featured_media":0,"parent":0,"menu_order":0,"comment_status":"closed","ping_status":"closed","template":"","meta":{"jetpack_post_was_ever_published":false,"footnotes":""},"class_list":["post-975","page","type-page","status-publish","hentry"],"jetpack_shortlink":"https:\/\/wp.me\/PMCXL-fJ","jetpack_sharing_enabled":true,"jetpack_likes_enabled":true,"jetpack-related-posts":[],"_links":{"self":[{"href":"https:\/\/lillabjallerupbostader.se\/tofta\/wp-json\/wp\/v2\/pages\/975","targetHints":{"allow":["GET"]}}],"collection":[{"href":"https:\/\/lillabjallerupbostader.se\/tofta\/wp-json\/wp\/v2\/pages"}],"about":[{"href":"https:\/\/lillabjallerupbostader.se\/tofta\/wp-json\/wp\/v2\/types\/page"}],"author":[{"embeddable":true,"href":"https:\/\/lillabjallerupbostader.se\/tofta\/wp-json\/wp\/v2\/users\/2"}],"replies":[{"embeddable":true,"href":"https:\/\/lillabjallerupbostader.se\/tofta\/wp-json\/wp\/v2\/comments?post=975"}],"version-history":[{"count":5,"href":"https:\/\/lillabjallerupbostader.se\/tofta\/wp-json\/wp\/v2\/pages\/975\/revisions"}],"predecessor-version":[{"id":1568,"href":"https:\/\/lillabjallerupbostader.se\/tofta\/wp-json\/wp\/v2\/pages\/975\/revisions\/1568"}],"wp:attachment":[{"href":"https:\/\/lillabjallerupbostader.se\/tofta\/wp-json\/wp\/v2\/media?parent=975"}],"curies":[{"name":"wp","href":"https:\/\/api.w.org\/{rel}","templated":true}]}}